{"id":8011,"date":"2019-12-20T19:13:06","date_gmt":"2019-12-20T15:13:06","guid":{"rendered":"https:\/\/incofincvso.be\/?page_id=8011"},"modified":"2019-12-20T19:13:06","modified_gmt":"2019-12-20T15:13:06","slug":"comment-la-numerisation-conduit-elle-a-de-meilleurs-services-financiers%e2%80%89","status":"publish","type":"page","link":"https:\/\/incofincvso.be\/fr\/comment-la-numerisation-conduit-elle-a-de-meilleurs-services-financiers%e2%80%89\/","title":{"rendered":"Comment la num\u00e9risation conduit-elle \u00e0 de meilleurs services financiers\u2009?"},"content":{"rendered":"<h1><strong>Comment la num\u00e9risation conduit-elle \u00e0 de meilleurs services financiers\u2009?<\/strong><\/h1>\n<p>La num\u00e9risation croissante entra\u00eene une augmentation spectaculaire de l\u2019inclusion financi\u00e8re dans des \u00e9conomies \u00e9mergentes. La distance avec le cr\u00e9dit et les autres produits financiers \u00e9tait souvent litt\u00e9ralement trop grande pour les petits entrepreneurs et les agriculteurs de r\u00e9gions isol\u00e9es, plus particuli\u00e8rement. Les applications num\u00e9riques et mobiles aident \u00e0 combler cette distance.<\/p>\n<p>La r\u00e9volution num\u00e9rique permet de fournir rapidement des services financiers et sociaux adapt\u00e9s aux besoins du client. \u00c9galement pour des personnes \u00e0 faible revenu. Avec l\u2019aide du programme d\u2019assistance technique (AT) mis \u00e0 disposition par Incofin, la soci\u00e9t\u00e9 kenyane Juhudi Kilimo a d\u00e9velopp\u00e9 une application mobile pour les pr\u00eats d\u2019urgence. Par exemple, lorsqu\u2019un membre de la famille tombe malade juste avant la r\u00e9colte. Un pr\u00eat d\u2019urgence peut alors apporter rapidement les moyens n\u00e9cessaires pour engager une personne suppl\u00e9mentaire \u00e0 la derni\u00e8re minute. Les clients ont un acc\u00e8s direct \u00e0 ce pr\u00eat via leur t\u00e9l\u00e9phone portable.<\/p>\n<p><img decoding=\"async\" class=\"wp-image-7961  alignright\" src=\"https:\/\/incofincvso.be\/wp-content\/uploads\/2019\/12\/IMG-20191216-WA0005-002-169x300.jpg\" alt=\"\" width=\"132\" height=\"234\" srcset=\"https:\/\/incofincvso.be\/wp-content\/uploads\/2019\/12\/IMG-20191216-WA0005-002-169x300.jpg 169w, https:\/\/incofincvso.be\/wp-content\/uploads\/2019\/12\/IMG-20191216-WA0005-002-576x1024.jpg 576w, https:\/\/incofincvso.be\/wp-content\/uploads\/2019\/12\/IMG-20191216-WA0005-002-600x1067.jpg 600w, https:\/\/incofincvso.be\/wp-content\/uploads\/2019\/12\/IMG-20191216-WA0005-002.jpg 720w\" sizes=\"(max-width: 132px) 100vw, 132px\" \/><\/p>\n<p>Incofin Microfinance Fund continue \u00e0 aider Juhudi Kilimo \u00e0 \u00e9tendre ses capacit\u00e9s num\u00e9riques. Un projet d\u2019AT a \u00e9t\u00e9 r\u00e9cemment approuv\u00e9. Il veillera \u00e0 ce que la demande d\u2019autres types de pr\u00eats puisse \u00e9galement \u00eatre enti\u00e8rement num\u00e9rique.<\/p>\n<h5>La num\u00e9risation Advans en C\u00f4te d&rsquo;Ivoire un succ\u00e8s<\/h5>\n<p>Des efforts similaires dans le cadre du programme d\u2019AT ont permis \u00e0 Advans, notre partenaire ivoirien, de mettre en place une plateforme agent-banque num\u00e9rique. Cela signifie concr\u00e8tement que les clients peuvent retirer ou d\u00e9poser leur argent dans 90 stations-services r\u00e9parties dans tout le pays. De plus, les transactions bancaires mobiles ont \u00e9t\u00e9 multipli\u00e9es par dix gr\u00e2ce \u00e0 la cr\u00e9ation de nouvelles possibilit\u00e9s.<\/p>\n","protected":false},"excerpt":{"rendered":"<p>Comment la num\u00e9risation conduit-elle \u00e0 de meilleurs services financiers\u2009? La num\u00e9risation croissante entra\u00eene une augmentation spectaculaire de l\u2019inclusion financi\u00e8re dans des \u00e9conomies \u00e9mergentes. La distance avec le cr\u00e9dit et les autres produits financiers \u00e9tait souvent litt\u00e9ralement trop grande pour les petits entrepreneurs et les agriculteurs de r\u00e9gions isol\u00e9es, plus particuli\u00e8rement. Les applications num\u00e9riques et mobiles aident \u00e0 combler cette distance. [&hellip;]<\/p>\n","protected":false},"author":2,"featured_media":0,"parent":0,"menu_order":0,"comment_status":"closed","ping_status":"closed","template":"","meta":{"_acf_changed":false,"footnotes":""},"class_list":["post-8011","page","type-page","status-publish","hentry"],"acf":[],"yoast_head":"<!-- This site is optimized with the Yoast SEO plugin v25.0 - https:\/\/yoast.com\/wordpress\/plugins\/seo\/ -->\n<title>Comment la num\u00e9risation conduit-elle \u00e0 de meilleurs services financiers\u2009? &#8226; Incofin Microfinance Fund<\/title>\n<meta name=\"robots\" content=\"index, follow, max-snippet:-1, max-image-preview:large, max-video-preview:-1\" \/>\n<link rel=\"canonical\" href=\"https:\/\/incofincvso.be\/fr\/comment-la-numerisation-conduit-elle-a-de-meilleurs-services-financiers\u2009\/\" \/>\n<meta property=\"og:locale\" content=\"fr_FR\" \/>\n<meta property=\"og:type\" content=\"article\" \/>\n<meta property=\"og:title\" content=\"Comment la num\u00e9risation conduit-elle \u00e0 de meilleurs services financiers\u2009? &#8226; Incofin Microfinance Fund\" \/>\n<meta property=\"og:description\" content=\"Comment la num\u00e9risation conduit-elle \u00e0 de meilleurs services financiers\u2009? La num\u00e9risation croissante entra\u00eene une augmentation spectaculaire de l\u2019inclusion financi\u00e8re dans des \u00e9conomies \u00e9mergentes. La distance avec le cr\u00e9dit et les autres produits financiers \u00e9tait souvent litt\u00e9ralement trop grande pour les petits entrepreneurs et les agriculteurs de r\u00e9gions isol\u00e9es, plus particuli\u00e8rement. Les applications num\u00e9riques et mobiles aident \u00e0 combler cette distance. [&hellip;]\" \/>\n<meta property=\"og:url\" content=\"https:\/\/incofincvso.be\/fr\/comment-la-numerisation-conduit-elle-a-de-meilleurs-services-financiers\u2009\/\" \/>\n<meta property=\"og:site_name\" content=\"Incofin Microfinance Fund\" \/>\n<meta property=\"article:publisher\" content=\"https:\/\/www.facebook.com\/Incofin\/\" \/>\n<meta property=\"og:image\" content=\"https:\/\/incofincvso.be\/wp-content\/uploads\/2019\/12\/IMG-20191216-WA0005-002-169x300.jpg\" \/>\n<meta name=\"twitter:card\" content=\"summary_large_image\" \/>\n<meta name=\"twitter:label1\" content=\"Dur\u00e9e de lecture estim\u00e9e\" \/>\n\t<meta name=\"twitter:data1\" content=\"2 minutes\" \/>\n<script type=\"application\/ld+json\" class=\"yoast-schema-graph\">{\"@context\":\"https:\/\/schema.org\",\"@graph\":[{\"@type\":\"WebPage\",\"@id\":\"https:\/\/incofincvso.be\/fr\/comment-la-numerisation-conduit-elle-a-de-meilleurs-services-financiers%e2%80%89\/\",\"url\":\"https:\/\/incofincvso.be\/fr\/comment-la-numerisation-conduit-elle-a-de-meilleurs-services-financiers%e2%80%89\/\",\"name\":\"Comment la num\u00e9risation conduit-elle \u00e0 de meilleurs services financiers\u2009? &#8226; Incofin Microfinance Fund\",\"isPartOf\":{\"@id\":\"https:\/\/incofincvso.be\/#website\"},\"primaryImageOfPage\":{\"@id\":\"https:\/\/incofincvso.be\/fr\/comment-la-numerisation-conduit-elle-a-de-meilleurs-services-financiers%e2%80%89\/#primaryimage\"},\"image\":{\"@id\":\"https:\/\/incofincvso.be\/fr\/comment-la-numerisation-conduit-elle-a-de-meilleurs-services-financiers%e2%80%89\/#primaryimage\"},\"thumbnailUrl\":\"https:\/\/incofincvso.be\/wp-content\/uploads\/2019\/12\/IMG-20191216-WA0005-002-169x300.jpg\",\"datePublished\":\"2019-12-20T15:13:06+00:00\",\"breadcrumb\":{\"@id\":\"https:\/\/incofincvso.be\/fr\/comment-la-numerisation-conduit-elle-a-de-meilleurs-services-financiers%e2%80%89\/#breadcrumb\"},\"inLanguage\":\"fr-FR\",\"potentialAction\":[{\"@type\":\"ReadAction\",\"target\":[\"https:\/\/incofincvso.be\/fr\/comment-la-numerisation-conduit-elle-a-de-meilleurs-services-financiers%e2%80%89\/\"]}]},{\"@type\":\"ImageObject\",\"inLanguage\":\"fr-FR\",\"@id\":\"https:\/\/incofincvso.be\/fr\/comment-la-numerisation-conduit-elle-a-de-meilleurs-services-financiers%e2%80%89\/#primaryimage\",\"url\":\"https:\/\/incofincvso.be\/wp-content\/uploads\/2019\/12\/IMG-20191216-WA0005-002-169x300.jpg\",\"contentUrl\":\"https:\/\/incofincvso.be\/wp-content\/uploads\/2019\/12\/IMG-20191216-WA0005-002-169x300.jpg\"},{\"@type\":\"BreadcrumbList\",\"@id\":\"https:\/\/incofincvso.be\/fr\/comment-la-numerisation-conduit-elle-a-de-meilleurs-services-financiers%e2%80%89\/#breadcrumb\",\"itemListElement\":[{\"@type\":\"ListItem\",\"position\":1,\"name\":\"Home\",\"item\":\"https:\/\/incofincvso.be\/fr\/\"},{\"@type\":\"ListItem\",\"position\":2,\"name\":\"Comment la num\u00e9risation conduit-elle \u00e0 de meilleurs services financiers\u2009?\"}]},{\"@type\":\"WebSite\",\"@id\":\"https:\/\/incofincvso.be\/#website\",\"url\":\"https:\/\/incofincvso.be\/\",\"name\":\"Incofin Microfinance Fund\",\"description\":\"Vooruitgang maken we samen waar\",\"publisher\":{\"@id\":\"https:\/\/incofincvso.be\/#organization\"},\"potentialAction\":[{\"@type\":\"SearchAction\",\"target\":{\"@type\":\"EntryPoint\",\"urlTemplate\":\"https:\/\/incofincvso.be\/?s={search_term_string}\"},\"query-input\":{\"@type\":\"PropertyValueSpecification\",\"valueRequired\":true,\"valueName\":\"search_term_string\"}}],\"inLanguage\":\"fr-FR\"},{\"@type\":\"Organization\",\"@id\":\"https:\/\/incofincvso.be\/#organization\",\"name\":\"Incofin Microfinance Fund\",\"url\":\"https:\/\/incofincvso.be\/\",\"logo\":{\"@type\":\"ImageObject\",\"inLanguage\":\"fr-FR\",\"@id\":\"https:\/\/incofincvso.be\/#\/schema\/logo\/image\/\",\"url\":\"https:\/\/incofincvso.be\/wp-content\/uploads\/2017\/09\/logo-l.png\",\"contentUrl\":\"https:\/\/incofincvso.be\/wp-content\/uploads\/2017\/09\/logo-l.png\",\"width\":1138,\"height\":1017,\"caption\":\"Incofin Microfinance Fund\"},\"image\":{\"@id\":\"https:\/\/incofincvso.be\/#\/schema\/logo\/image\/\"},\"sameAs\":[\"https:\/\/www.facebook.com\/Incofin\/\",\"https:\/\/www.youtube.com\/channel\/UCCealVeFikPrvQL1ASLS_Kg\"]}]}<\/script>\n<!-- \/ Yoast SEO plugin. -->","yoast_head_json":{"title":"Comment la num\u00e9risation conduit-elle \u00e0 de meilleurs services financiers\u2009? &#8226; Incofin Microfinance Fund","robots":{"index":"index","follow":"follow","max-snippet":"max-snippet:-1","max-image-preview":"max-image-preview:large","max-video-preview":"max-video-preview:-1"},"canonical":"https:\/\/incofincvso.be\/fr\/comment-la-numerisation-conduit-elle-a-de-meilleurs-services-financiers\u2009\/","og_locale":"fr_FR","og_type":"article","og_title":"Comment la num\u00e9risation conduit-elle \u00e0 de meilleurs services financiers\u2009? &#8226; Incofin Microfinance Fund","og_description":"Comment la num\u00e9risation conduit-elle \u00e0 de meilleurs services financiers\u2009? La num\u00e9risation croissante entra\u00eene une augmentation spectaculaire de l\u2019inclusion financi\u00e8re dans des \u00e9conomies \u00e9mergentes. La distance avec le cr\u00e9dit et les autres produits financiers \u00e9tait souvent litt\u00e9ralement trop grande pour les petits entrepreneurs et les agriculteurs de r\u00e9gions isol\u00e9es, plus particuli\u00e8rement. Les applications num\u00e9riques et mobiles aident \u00e0 combler cette distance. [&hellip;]","og_url":"https:\/\/incofincvso.be\/fr\/comment-la-numerisation-conduit-elle-a-de-meilleurs-services-financiers\u2009\/","og_site_name":"Incofin Microfinance Fund","article_publisher":"https:\/\/www.facebook.com\/Incofin\/","og_image":[{"url":"https:\/\/incofincvso.be\/wp-content\/uploads\/2019\/12\/IMG-20191216-WA0005-002-169x300.jpg","type":"","width":"","height":""}],"twitter_card":"summary_large_image","twitter_misc":{"Dur\u00e9e de lecture estim\u00e9e":"2 minutes"},"schema":{"@context":"https:\/\/schema.org","@graph":[{"@type":"WebPage","@id":"https:\/\/incofincvso.be\/fr\/comment-la-numerisation-conduit-elle-a-de-meilleurs-services-financiers%e2%80%89\/","url":"https:\/\/incofincvso.be\/fr\/comment-la-numerisation-conduit-elle-a-de-meilleurs-services-financiers%e2%80%89\/","name":"Comment la num\u00e9risation conduit-elle \u00e0 de meilleurs services financiers\u2009? &#8226; Incofin Microfinance Fund","isPartOf":{"@id":"https:\/\/incofincvso.be\/#website"},"primaryImageOfPage":{"@id":"https:\/\/incofincvso.be\/fr\/comment-la-numerisation-conduit-elle-a-de-meilleurs-services-financiers%e2%80%89\/#primaryimage"},"image":{"@id":"https:\/\/incofincvso.be\/fr\/comment-la-numerisation-conduit-elle-a-de-meilleurs-services-financiers%e2%80%89\/#primaryimage"},"thumbnailUrl":"https:\/\/incofincvso.be\/wp-content\/uploads\/2019\/12\/IMG-20191216-WA0005-002-169x300.jpg","datePublished":"2019-12-20T15:13:06+00:00","breadcrumb":{"@id":"https:\/\/incofincvso.be\/fr\/comment-la-numerisation-conduit-elle-a-de-meilleurs-services-financiers%e2%80%89\/#breadcrumb"},"inLanguage":"fr-FR","potentialAction":[{"@type":"ReadAction","target":["https:\/\/incofincvso.be\/fr\/comment-la-numerisation-conduit-elle-a-de-meilleurs-services-financiers%e2%80%89\/"]}]},{"@type":"ImageObject","inLanguage":"fr-FR","@id":"https:\/\/incofincvso.be\/fr\/comment-la-numerisation-conduit-elle-a-de-meilleurs-services-financiers%e2%80%89\/#primaryimage","url":"https:\/\/incofincvso.be\/wp-content\/uploads\/2019\/12\/IMG-20191216-WA0005-002-169x300.jpg","contentUrl":"https:\/\/incofincvso.be\/wp-content\/uploads\/2019\/12\/IMG-20191216-WA0005-002-169x300.jpg"},{"@type":"BreadcrumbList","@id":"https:\/\/incofincvso.be\/fr\/comment-la-numerisation-conduit-elle-a-de-meilleurs-services-financiers%e2%80%89\/#breadcrumb","itemListElement":[{"@type":"ListItem","position":1,"name":"Home","item":"https:\/\/incofincvso.be\/fr\/"},{"@type":"ListItem","position":2,"name":"Comment la num\u00e9risation conduit-elle \u00e0 de meilleurs services financiers\u2009?"}]},{"@type":"WebSite","@id":"https:\/\/incofincvso.be\/#website","url":"https:\/\/incofincvso.be\/","name":"Incofin Microfinance Fund","description":"Vooruitgang maken we samen waar","publisher":{"@id":"https:\/\/incofincvso.be\/#organization"},"potentialAction":[{"@type":"SearchAction","target":{"@type":"EntryPoint","urlTemplate":"https:\/\/incofincvso.be\/?s={search_term_string}"},"query-input":{"@type":"PropertyValueSpecification","valueRequired":true,"valueName":"search_term_string"}}],"inLanguage":"fr-FR"},{"@type":"Organization","@id":"https:\/\/incofincvso.be\/#organization","name":"Incofin Microfinance Fund","url":"https:\/\/incofincvso.be\/","logo":{"@type":"ImageObject","inLanguage":"fr-FR","@id":"https:\/\/incofincvso.be\/#\/schema\/logo\/image\/","url":"https:\/\/incofincvso.be\/wp-content\/uploads\/2017\/09\/logo-l.png","contentUrl":"https:\/\/incofincvso.be\/wp-content\/uploads\/2017\/09\/logo-l.png","width":1138,"height":1017,"caption":"Incofin Microfinance Fund"},"image":{"@id":"https:\/\/incofincvso.be\/#\/schema\/logo\/image\/"},"sameAs":["https:\/\/www.facebook.com\/Incofin\/","https:\/\/www.youtube.com\/channel\/UCCealVeFikPrvQL1ASLS_Kg"]}]}},"_links":{"self":[{"href":"https:\/\/incofincvso.be\/fr\/wp-json\/wp\/v2\/pages\/8011","targetHints":{"allow":["GET"]}}],"collection":[{"href":"https:\/\/incofincvso.be\/fr\/wp-json\/wp\/v2\/pages"}],"about":[{"href":"https:\/\/incofincvso.be\/fr\/wp-json\/wp\/v2\/types\/page"}],"author":[{"embeddable":true,"href":"https:\/\/incofincvso.be\/fr\/wp-json\/wp\/v2\/users\/2"}],"replies":[{"embeddable":true,"href":"https:\/\/incofincvso.be\/fr\/wp-json\/wp\/v2\/comments?post=8011"}],"version-history":[{"count":0,"href":"https:\/\/incofincvso.be\/fr\/wp-json\/wp\/v2\/pages\/8011\/revisions"}],"wp:attachment":[{"href":"https:\/\/incofincvso.be\/fr\/wp-json\/wp\/v2\/media?parent=8011"}],"curies":[{"name":"wp","href":"https:\/\/api.w.org\/{rel}","templated":true}]}}