{"id":8006,"date":"2019-12-20T19:07:07","date_gmt":"2019-12-20T15:07:07","guid":{"rendered":"https:\/\/incofincvso.be\/?page_id=8006"},"modified":"2019-12-20T19:07:42","modified_gmt":"2019-12-20T15:07:42","slug":"tout-ce-que-vous-devez-savoir-sur-les-sdgs","status":"publish","type":"page","link":"https:\/\/incofincvso.be\/fr\/tout-ce-que-vous-devez-savoir-sur-les-sdgs\/","title":{"rendered":"Tout ce que vous devez savoir sur les&#8230; SDGs"},"content":{"rendered":"<h1>Tout ce que vous devez savoir sur les&#8230; SDGs<\/h1>\n<p><strong>Si vous \u00e9tiez pr\u00e9sent(e) \u00e0 l\u2019assembl\u00e9e des actionnaires d\u2019Incofin Microfinance Fund en 2018, vous avez sans doute vu et entendu le terme SDG. SDG\u00a0: qu\u2019est-ce que c\u2019est, que mesurent-ils et quel est le lien avec Incofin Microfinance Fund\u2009?<\/strong><\/p>\n<p>Les SDG, Sustainable Development Goals ou objectifs de d\u00e9veloppement durable, ce sont 17 objectifs mesurables qui ont \u00e9t\u00e9 fix\u00e9s par les Nations Unies en 2015. Ils remplacent les objectifs du Mill\u00e9naire pour le d\u00e9veloppement afin de faire du monde un endroit meilleur et plus durable d\u2019ici 2030. Pour concr\u00e9tiser encore davantage les choses, les dix-sept objectifs rec\u00e8lent encore 169 sous-objectifs et une s\u00e9rie d\u2019indicateurs qui mesurent les progr\u00e8s.<\/p>\n<p>Il n\u2019existe pas d\u2019approche cibl\u00e9e pour cr\u00e9er et mesurer les progr\u00e8s concrets. Depuis nos d\u00e9buts, nous utilisons des mod\u00e8les performants pour mesurer l\u2019impact. Entre-temps, nous avons int\u00e9gr\u00e9 les objectifs de l\u2019ONU dans notre mod\u00e8le d\u2019impact et pouvons maintenant suivre et rendre compte de la fa\u00e7on dont l\u2019argent investi dans Incofin Microfinance Fund contribue aux SDG.<\/p>\n<p>Toute personne qui investit dans Incofin Microfinance Fund contribue \u00e0 minimum 6 objectifs. Nous examinerons chaque fois plus attentivement un des SDG cibl\u00e9s par Incofin Microfinance Fund dans nos prochaines newsletters.<\/p>\n<p><img fetchpriority=\"high\" decoding=\"async\" class=\"alignright size-medium wp-image-7984\" src=\"https:\/\/incofincvso.be\/wp-content\/uploads\/2019\/12\/SDG_2-300x184.jpg\" alt=\"\" width=\"300\" height=\"184\" srcset=\"https:\/\/incofincvso.be\/wp-content\/uploads\/2019\/12\/SDG_2-300x184.jpg 300w, https:\/\/incofincvso.be\/wp-content\/uploads\/2019\/12\/SDG_2-768x470.jpg 768w, https:\/\/incofincvso.be\/wp-content\/uploads\/2019\/12\/SDG_2-1024x627.jpg 1024w, https:\/\/incofincvso.be\/wp-content\/uploads\/2019\/12\/SDG_2-600x367.jpg 600w\" sizes=\"(max-width: 300px) 100vw, 300px\" \/><\/p>\n","protected":false},"excerpt":{"rendered":"<p>Tout ce que vous devez savoir sur les&#8230; SDGs Si vous \u00e9tiez pr\u00e9sent(e) \u00e0 l\u2019assembl\u00e9e des actionnaires d\u2019Incofin Microfinance Fund en 2018, vous avez sans doute vu et entendu le terme SDG. SDG\u00a0: qu\u2019est-ce que c\u2019est, que mesurent-ils et quel est le lien avec Incofin Microfinance Fund\u2009? Les SDG, Sustainable Development Goals ou objectifs de d\u00e9veloppement durable, ce sont 17 [&hellip;]<\/p>\n","protected":false},"author":2,"featured_media":0,"parent":0,"menu_order":0,"comment_status":"closed","ping_status":"closed","template":"","meta":{"_acf_changed":false,"footnotes":""},"class_list":["post-8006","page","type-page","status-publish","hentry"],"acf":[],"yoast_head":"<!-- This site is optimized with the Yoast SEO plugin v25.0 - https:\/\/yoast.com\/wordpress\/plugins\/seo\/ -->\n<title>Tout ce que vous devez savoir sur les... SDGs &#8226; Incofin Microfinance Fund<\/title>\n<meta name=\"robots\" content=\"index, follow, max-snippet:-1, max-image-preview:large, max-video-preview:-1\" \/>\n<link rel=\"canonical\" href=\"https:\/\/incofincvso.be\/fr\/tout-ce-que-vous-devez-savoir-sur-les-sdgs\/\" \/>\n<meta property=\"og:locale\" content=\"fr_FR\" \/>\n<meta property=\"og:type\" content=\"article\" \/>\n<meta property=\"og:title\" content=\"Tout ce que vous devez savoir sur les... SDGs &#8226; Incofin Microfinance Fund\" \/>\n<meta property=\"og:description\" content=\"Tout ce que vous devez savoir sur les&#8230; SDGs Si vous \u00e9tiez pr\u00e9sent(e) \u00e0 l\u2019assembl\u00e9e des actionnaires d\u2019Incofin Microfinance Fund en 2018, vous avez sans doute vu et entendu le terme SDG. SDG\u00a0: qu\u2019est-ce que c\u2019est, que mesurent-ils et quel est le lien avec Incofin Microfinance Fund\u2009? Les SDG, Sustainable Development Goals ou objectifs de d\u00e9veloppement durable, ce sont 17 [&hellip;]\" \/>\n<meta property=\"og:url\" content=\"https:\/\/incofincvso.be\/fr\/tout-ce-que-vous-devez-savoir-sur-les-sdgs\/\" \/>\n<meta property=\"og:site_name\" content=\"Incofin Microfinance Fund\" \/>\n<meta property=\"article:publisher\" content=\"https:\/\/www.facebook.com\/Incofin\/\" \/>\n<meta property=\"article:modified_time\" content=\"2019-12-20T15:07:42+00:00\" \/>\n<meta property=\"og:image\" content=\"https:\/\/incofincvso.be\/wp-content\/uploads\/2019\/12\/SDG_2-300x184.jpg\" \/>\n<meta name=\"twitter:card\" content=\"summary_large_image\" \/>\n<meta name=\"twitter:label1\" content=\"Dur\u00e9e de lecture estim\u00e9e\" \/>\n\t<meta name=\"twitter:data1\" content=\"1 minute\" \/>\n<script type=\"application\/ld+json\" class=\"yoast-schema-graph\">{\"@context\":\"https:\/\/schema.org\",\"@graph\":[{\"@type\":\"WebPage\",\"@id\":\"https:\/\/incofincvso.be\/fr\/tout-ce-que-vous-devez-savoir-sur-les-sdgs\/\",\"url\":\"https:\/\/incofincvso.be\/fr\/tout-ce-que-vous-devez-savoir-sur-les-sdgs\/\",\"name\":\"Tout ce que vous devez savoir sur les... SDGs &#8226; Incofin Microfinance Fund\",\"isPartOf\":{\"@id\":\"https:\/\/incofincvso.be\/#website\"},\"primaryImageOfPage\":{\"@id\":\"https:\/\/incofincvso.be\/fr\/tout-ce-que-vous-devez-savoir-sur-les-sdgs\/#primaryimage\"},\"image\":{\"@id\":\"https:\/\/incofincvso.be\/fr\/tout-ce-que-vous-devez-savoir-sur-les-sdgs\/#primaryimage\"},\"thumbnailUrl\":\"https:\/\/incofincvso.be\/wp-content\/uploads\/2019\/12\/SDG_2-300x184.jpg\",\"datePublished\":\"2019-12-20T15:07:07+00:00\",\"dateModified\":\"2019-12-20T15:07:42+00:00\",\"breadcrumb\":{\"@id\":\"https:\/\/incofincvso.be\/fr\/tout-ce-que-vous-devez-savoir-sur-les-sdgs\/#breadcrumb\"},\"inLanguage\":\"fr-FR\",\"potentialAction\":[{\"@type\":\"ReadAction\",\"target\":[\"https:\/\/incofincvso.be\/fr\/tout-ce-que-vous-devez-savoir-sur-les-sdgs\/\"]}]},{\"@type\":\"ImageObject\",\"inLanguage\":\"fr-FR\",\"@id\":\"https:\/\/incofincvso.be\/fr\/tout-ce-que-vous-devez-savoir-sur-les-sdgs\/#primaryimage\",\"url\":\"https:\/\/incofincvso.be\/wp-content\/uploads\/2019\/12\/SDG_2-300x184.jpg\",\"contentUrl\":\"https:\/\/incofincvso.be\/wp-content\/uploads\/2019\/12\/SDG_2-300x184.jpg\"},{\"@type\":\"BreadcrumbList\",\"@id\":\"https:\/\/incofincvso.be\/fr\/tout-ce-que-vous-devez-savoir-sur-les-sdgs\/#breadcrumb\",\"itemListElement\":[{\"@type\":\"ListItem\",\"position\":1,\"name\":\"Home\",\"item\":\"https:\/\/incofincvso.be\/fr\/\"},{\"@type\":\"ListItem\",\"position\":2,\"name\":\"Tout ce que vous devez savoir sur les&#8230; SDGs\"}]},{\"@type\":\"WebSite\",\"@id\":\"https:\/\/incofincvso.be\/#website\",\"url\":\"https:\/\/incofincvso.be\/\",\"name\":\"Incofin Microfinance Fund\",\"description\":\"Vooruitgang maken we samen waar\",\"publisher\":{\"@id\":\"https:\/\/incofincvso.be\/#organization\"},\"potentialAction\":[{\"@type\":\"SearchAction\",\"target\":{\"@type\":\"EntryPoint\",\"urlTemplate\":\"https:\/\/incofincvso.be\/?s={search_term_string}\"},\"query-input\":{\"@type\":\"PropertyValueSpecification\",\"valueRequired\":true,\"valueName\":\"search_term_string\"}}],\"inLanguage\":\"fr-FR\"},{\"@type\":\"Organization\",\"@id\":\"https:\/\/incofincvso.be\/#organization\",\"name\":\"Incofin Microfinance Fund\",\"url\":\"https:\/\/incofincvso.be\/\",\"logo\":{\"@type\":\"ImageObject\",\"inLanguage\":\"fr-FR\",\"@id\":\"https:\/\/incofincvso.be\/#\/schema\/logo\/image\/\",\"url\":\"https:\/\/incofincvso.be\/wp-content\/uploads\/2017\/09\/logo-l.png\",\"contentUrl\":\"https:\/\/incofincvso.be\/wp-content\/uploads\/2017\/09\/logo-l.png\",\"width\":1138,\"height\":1017,\"caption\":\"Incofin Microfinance Fund\"},\"image\":{\"@id\":\"https:\/\/incofincvso.be\/#\/schema\/logo\/image\/\"},\"sameAs\":[\"https:\/\/www.facebook.com\/Incofin\/\",\"https:\/\/www.youtube.com\/channel\/UCCealVeFikPrvQL1ASLS_Kg\"]}]}<\/script>\n<!-- \/ Yoast SEO plugin. -->","yoast_head_json":{"title":"Tout ce que vous devez savoir sur les... SDGs &#8226; Incofin Microfinance Fund","robots":{"index":"index","follow":"follow","max-snippet":"max-snippet:-1","max-image-preview":"max-image-preview:large","max-video-preview":"max-video-preview:-1"},"canonical":"https:\/\/incofincvso.be\/fr\/tout-ce-que-vous-devez-savoir-sur-les-sdgs\/","og_locale":"fr_FR","og_type":"article","og_title":"Tout ce que vous devez savoir sur les... SDGs &#8226; Incofin Microfinance Fund","og_description":"Tout ce que vous devez savoir sur les&#8230; SDGs Si vous \u00e9tiez pr\u00e9sent(e) \u00e0 l\u2019assembl\u00e9e des actionnaires d\u2019Incofin Microfinance Fund en 2018, vous avez sans doute vu et entendu le terme SDG. SDG\u00a0: qu\u2019est-ce que c\u2019est, que mesurent-ils et quel est le lien avec Incofin Microfinance Fund\u2009? Les SDG, Sustainable Development Goals ou objectifs de d\u00e9veloppement durable, ce sont 17 [&hellip;]","og_url":"https:\/\/incofincvso.be\/fr\/tout-ce-que-vous-devez-savoir-sur-les-sdgs\/","og_site_name":"Incofin Microfinance Fund","article_publisher":"https:\/\/www.facebook.com\/Incofin\/","article_modified_time":"2019-12-20T15:07:42+00:00","og_image":[{"url":"https:\/\/incofincvso.be\/wp-content\/uploads\/2019\/12\/SDG_2-300x184.jpg","type":"","width":"","height":""}],"twitter_card":"summary_large_image","twitter_misc":{"Dur\u00e9e de lecture estim\u00e9e":"1 minute"},"schema":{"@context":"https:\/\/schema.org","@graph":[{"@type":"WebPage","@id":"https:\/\/incofincvso.be\/fr\/tout-ce-que-vous-devez-savoir-sur-les-sdgs\/","url":"https:\/\/incofincvso.be\/fr\/tout-ce-que-vous-devez-savoir-sur-les-sdgs\/","name":"Tout ce que vous devez savoir sur les... SDGs &#8226; Incofin Microfinance Fund","isPartOf":{"@id":"https:\/\/incofincvso.be\/#website"},"primaryImageOfPage":{"@id":"https:\/\/incofincvso.be\/fr\/tout-ce-que-vous-devez-savoir-sur-les-sdgs\/#primaryimage"},"image":{"@id":"https:\/\/incofincvso.be\/fr\/tout-ce-que-vous-devez-savoir-sur-les-sdgs\/#primaryimage"},"thumbnailUrl":"https:\/\/incofincvso.be\/wp-content\/uploads\/2019\/12\/SDG_2-300x184.jpg","datePublished":"2019-12-20T15:07:07+00:00","dateModified":"2019-12-20T15:07:42+00:00","breadcrumb":{"@id":"https:\/\/incofincvso.be\/fr\/tout-ce-que-vous-devez-savoir-sur-les-sdgs\/#breadcrumb"},"inLanguage":"fr-FR","potentialAction":[{"@type":"ReadAction","target":["https:\/\/incofincvso.be\/fr\/tout-ce-que-vous-devez-savoir-sur-les-sdgs\/"]}]},{"@type":"ImageObject","inLanguage":"fr-FR","@id":"https:\/\/incofincvso.be\/fr\/tout-ce-que-vous-devez-savoir-sur-les-sdgs\/#primaryimage","url":"https:\/\/incofincvso.be\/wp-content\/uploads\/2019\/12\/SDG_2-300x184.jpg","contentUrl":"https:\/\/incofincvso.be\/wp-content\/uploads\/2019\/12\/SDG_2-300x184.jpg"},{"@type":"BreadcrumbList","@id":"https:\/\/incofincvso.be\/fr\/tout-ce-que-vous-devez-savoir-sur-les-sdgs\/#breadcrumb","itemListElement":[{"@type":"ListItem","position":1,"name":"Home","item":"https:\/\/incofincvso.be\/fr\/"},{"@type":"ListItem","position":2,"name":"Tout ce que vous devez savoir sur les&#8230; SDGs"}]},{"@type":"WebSite","@id":"https:\/\/incofincvso.be\/#website","url":"https:\/\/incofincvso.be\/","name":"Incofin Microfinance Fund","description":"Vooruitgang maken we samen waar","publisher":{"@id":"https:\/\/incofincvso.be\/#organization"},"potentialAction":[{"@type":"SearchAction","target":{"@type":"EntryPoint","urlTemplate":"https:\/\/incofincvso.be\/?s={search_term_string}"},"query-input":{"@type":"PropertyValueSpecification","valueRequired":true,"valueName":"search_term_string"}}],"inLanguage":"fr-FR"},{"@type":"Organization","@id":"https:\/\/incofincvso.be\/#organization","name":"Incofin Microfinance Fund","url":"https:\/\/incofincvso.be\/","logo":{"@type":"ImageObject","inLanguage":"fr-FR","@id":"https:\/\/incofincvso.be\/#\/schema\/logo\/image\/","url":"https:\/\/incofincvso.be\/wp-content\/uploads\/2017\/09\/logo-l.png","contentUrl":"https:\/\/incofincvso.be\/wp-content\/uploads\/2017\/09\/logo-l.png","width":1138,"height":1017,"caption":"Incofin Microfinance Fund"},"image":{"@id":"https:\/\/incofincvso.be\/#\/schema\/logo\/image\/"},"sameAs":["https:\/\/www.facebook.com\/Incofin\/","https:\/\/www.youtube.com\/channel\/UCCealVeFikPrvQL1ASLS_Kg"]}]}},"_links":{"self":[{"href":"https:\/\/incofincvso.be\/fr\/wp-json\/wp\/v2\/pages\/8006","targetHints":{"allow":["GET"]}}],"collection":[{"href":"https:\/\/incofincvso.be\/fr\/wp-json\/wp\/v2\/pages"}],"about":[{"href":"https:\/\/incofincvso.be\/fr\/wp-json\/wp\/v2\/types\/page"}],"author":[{"embeddable":true,"href":"https:\/\/incofincvso.be\/fr\/wp-json\/wp\/v2\/users\/2"}],"replies":[{"embeddable":true,"href":"https:\/\/incofincvso.be\/fr\/wp-json\/wp\/v2\/comments?post=8006"}],"version-history":[{"count":0,"href":"https:\/\/incofincvso.be\/fr\/wp-json\/wp\/v2\/pages\/8006\/revisions"}],"wp:attachment":[{"href":"https:\/\/incofincvso.be\/fr\/wp-json\/wp\/v2\/media?parent=8006"}],"curies":[{"name":"wp","href":"https:\/\/api.w.org\/{rel}","templated":true}]}}