{"id":7122,"date":"2019-06-07T14:28:51","date_gmt":"2019-06-07T10:28:51","guid":{"rendered":"https:\/\/incofincvso.be\/?page_id=7122"},"modified":"2021-03-16T20:24:08","modified_gmt":"2021-03-16T16:24:08","slug":"contribuez-a-leur-reussite","status":"publish","type":"page","link":"https:\/\/incofincvso.be\/fr\/contribuez-a-leur-reussite\/","title":{"rendered":"Vous aussi vous voulez contribuer \u00e0 la r\u00e9ussite d\u2019entrepreneurs ?"},"content":{"rendered":"<h2><strong>Vous aussi vous voulez contribuer \u00e0 la r\u00e9ussite d\u2019entrepreneurs ?<\/strong><\/h2>\n<p><strong>Les actionnaires d\u2019Incofin Microfinance Fund contribuent directement<\/strong> \u00e0 la r\u00e9ussite d\u2019entrepreneurs locaux \u00e0 travers le monde. Ce sont 2 400 investisseurs qui ont ainsi permis \u00e0 plus de 40 organisations de pays en d\u00e9veloppement de venir en aide <strong>\u00e0 4,7 millions d\u2019entrepreneurs<\/strong>, en leur fournissant financements et conseils. La majorit\u00e9 de ces entrepreneurs n\u2019a pas acc\u00e8s au syst\u00e8me bancaire classique.<\/p>\n<p>Sous certaines conditions, vous pouvez en outre b\u00e9n\u00e9ficier d&rsquo;une r\u00e9duction d&rsquo;imp\u00f4t de 5% sur le montant investi<sup>(1<\/sup><sup>)<\/sup>.<br \/>\n<a href=\"https:\/\/incofincvso.be\/investeer\/\">Devenir actionnaire est d\u00e9j\u00e0 possible \u00e0 partir de 130,20 euros<\/a>.<\/p>\n<p><sup>(1)<\/sup> \u00c0 condition d&rsquo;investir au moins 390,60 euros (soit 3 x 1\/20e d\u2019action Incofin Microfinance Fund<br \/>\nde 130,20 euros) pour une p\u00e9riode ininterrompue de 60 mois.<\/p>\n<h2><strong>Information importante<\/strong><\/h2>\n<p>Investir dans des parts comporte des risques. Incofin Microfinance Fund est une soci\u00e9t\u00e9 coop\u00e9rative de droit belge. Vous investissez dans une part sociale \u00e9mise par une soci\u00e9t\u00e9 coop\u00e9rative \u00e0 finalit\u00e9 sociale. Vous pouvez choisir de souscrire \u00e0 des parts enti\u00e8res d\u2019une valeur nominale de 2 604 EUR ou \u00e0 des vingti\u00e8mes (1\/20) de parts sociales d\u2019une valeur nominale de 130,20 EUR, ou encore \u00e0 une combinaison des deux. Ces parts ne sont pas n\u00e9gociables et ne peuvent \u00eatre c\u00e9d\u00e9es, sauf moyennant l\u2019accord pr\u00e9alable du Conseil d\u2019administration. Le produit financier d\u2019un investissement se compose exclusivement de dividendes sur ces parts.<\/p>\n<p>Vous ne payez aucun frais d\u2019entr\u00e9e, de sortie, ni de gestion. Les sorties \u2013 totales ou partielles \u2013 ne sont possibles qu\u2019au cours des six premiers mois de l\u2019exercice comptable (du 1er janvier au 30 juin), moyennant l\u2019accord du Conseil d\u2019administration. Il s\u2019agit d\u2019une \u00e9mission publique permanente de parts pour une p\u00e9riode de 12 mois \u00e0 compter de l\u2019approbation du prospectus (c\u2019est-\u00e0-dire du<br \/>\n19 novembre 2018 au 18 novembre 2019), \u00e0 moins que l\u2019offre ne soit cl\u00f4tur\u00e9e pr\u00e9matur\u00e9ment si le seuil de 10 millions d\u2019EUR est atteint avant la fin de cette p\u00e9riode de 12 mois.<\/p>\n<p>En tant que souscripteur, vous courez le risque de perdre tout ou partie du capital investi. La soci\u00e9t\u00e9 recherche avant tout un rendement social \u00e9lev\u00e9, ce qui peut limiter le rendement financier. Lisez pr\u00e9alablement <a href=\"https:\/\/incofincvso.be\/wp-content\/uploads\/2019\/07\/CVSO_Informatienota_FR_incl_annexes.pdf\">le note d&rsquo;information<\/a> en portant une attention particuli\u00e8re aux facteurs de risque ainsi que <a href=\"https:\/\/incofincvso.be\/wp-content\/uploads\/2019\/02\/KID-2019-EID-Incofin-CVSO-NL_FINAL.pdf\">le document d\u2019informations cl\u00e9s<\/a>. Incofin Microfinance Fund est notamment soumise au risque de march\u00e9, de concentration, de d\u00e9biteur, de pays, de change, de taux et de liquidit\u00e9. Les int\u00e9r\u00eats auxquels se fait le financement sont soumis aux influences du march\u00e9 et peuvent avoir un impact sur les marges du fonds. Par ailleurs, les sorties peuvent \u00e9galement avoir un impact important sur la liquidit\u00e9 de Incofin Microfinance Fund.<\/p>\n<p>Toute plainte peut \u00eatre adress\u00e9e au service de gestion des plaintes d\u2019Incofin Microfinance Fund, en composant le 03 829 25 36 ou via <a href=\"mailto:info@incofincvso.be\">info@incofincvso.be<\/a>. Vous pouvez \u00e9galement contacter l\u2019Ombudsman en conflits financiers, un service qualifi\u00e9 selon le Code de droit \u00e9conomique. Ses coordonn\u00e9es sont : North Gate II, Koning Albert II-laan 8, boite 2, 1000 Bruxelles, t\u00e9l. 02 545 77 70,<br \/>\n<a href=\"mailto:ombudsman@ombudsfin.be\">ombudsman@ombudsfin.be<\/a>,\u00a0<a href=\"http:\/\/www.ombudsfin.be\/\">www.ombudsfin.be<\/a>.<\/p>\n","protected":false},"excerpt":{"rendered":"<p>Vous aussi vous voulez contribuer \u00e0 la r\u00e9ussite d\u2019entrepreneurs ? Les actionnaires d\u2019Incofin Microfinance Fund contribuent directement \u00e0 la r\u00e9ussite d\u2019entrepreneurs locaux \u00e0 travers le monde. Ce sont 2 400 investisseurs qui ont ainsi permis \u00e0 plus de 40 organisations de pays en d\u00e9veloppement de venir en aide \u00e0 4,7 millions d\u2019entrepreneurs, en leur fournissant financements et conseils. La majorit\u00e9 [&hellip;]<\/p>\n","protected":false},"author":1,"featured_media":0,"parent":0,"menu_order":5,"comment_status":"closed","ping_status":"closed","template":"page-adwords-landing.php","meta":{"_acf_changed":false,"footnotes":""},"class_list":["post-7122","page","type-page","status-publish","hentry"],"acf":[],"yoast_head":"<!-- This site is optimized with the Yoast SEO plugin v25.0 - https:\/\/yoast.com\/wordpress\/plugins\/seo\/ -->\n<title>Vous aussi vous voulez contribuer \u00e0 la r\u00e9ussite d\u2019entrepreneurs ? &#8226; Incofin Microfinance Fund<\/title>\n<meta name=\"description\" content=\"Wie investeert in Incofin Microfinance Fund, heeft een aandeel in het succes van gedreven ondernemers wereldwijd. Samen met zo&#039;n 2.300 medeaandeelhouders investeer je in meer dan 51 organisaties in ontwikkelingslanden die op hun beurt 3,2 miljoen ondernemers vooruithelpen met (financi\u00eble) middelen en advies. Het leeuwendeel van hen heeft geen toegang tot het klassieke bankensysteem.\" \/>\n<meta name=\"robots\" content=\"index, follow, max-snippet:-1, max-image-preview:large, max-video-preview:-1\" \/>\n<link rel=\"canonical\" href=\"https:\/\/incofincvso.be\/fr\/contribuez-a-leur-reussite\/\" \/>\n<meta property=\"og:locale\" content=\"fr_FR\" \/>\n<meta property=\"og:type\" content=\"article\" \/>\n<meta property=\"og:title\" content=\"Vous aussi vous voulez contribuer \u00e0 la r\u00e9ussite d\u2019entrepreneurs ? &#8226; Incofin Microfinance Fund\" \/>\n<meta property=\"og:description\" content=\"Wie investeert in Incofin Microfinance Fund, heeft een aandeel in het succes van gedreven ondernemers wereldwijd. Samen met zo&#039;n 2.300 medeaandeelhouders investeer je in meer dan 51 organisaties in ontwikkelingslanden die op hun beurt 3,2 miljoen ondernemers vooruithelpen met (financi\u00eble) middelen en advies. Het leeuwendeel van hen heeft geen toegang tot het klassieke bankensysteem.\" \/>\n<meta property=\"og:url\" content=\"https:\/\/incofincvso.be\/fr\/contribuez-a-leur-reussite\/\" \/>\n<meta property=\"og:site_name\" content=\"Incofin Microfinance Fund\" \/>\n<meta property=\"article:publisher\" content=\"https:\/\/www.facebook.com\/Incofin\/\" \/>\n<meta property=\"article:modified_time\" content=\"2021-03-16T16:24:08+00:00\" \/>\n<meta name=\"twitter:card\" content=\"summary_large_image\" \/>\n<meta name=\"twitter:label1\" content=\"Dur\u00e9e de lecture estim\u00e9e\" \/>\n\t<meta name=\"twitter:data1\" content=\"3 minutes\" \/>\n<script type=\"application\/ld+json\" class=\"yoast-schema-graph\">{\"@context\":\"https:\/\/schema.org\",\"@graph\":[{\"@type\":\"WebPage\",\"@id\":\"https:\/\/incofincvso.be\/fr\/contribuez-a-leur-reussite\/\",\"url\":\"https:\/\/incofincvso.be\/fr\/contribuez-a-leur-reussite\/\",\"name\":\"Vous aussi vous voulez contribuer \u00e0 la r\u00e9ussite d\u2019entrepreneurs ? &#8226; Incofin Microfinance Fund\",\"isPartOf\":{\"@id\":\"https:\/\/incofincvso.be\/#website\"},\"datePublished\":\"2019-06-07T10:28:51+00:00\",\"dateModified\":\"2021-03-16T16:24:08+00:00\",\"description\":\"Wie investeert in Incofin Microfinance Fund, heeft een aandeel in het succes van gedreven ondernemers wereldwijd. Samen met zo'n 2.300 medeaandeelhouders investeer je in meer dan 51 organisaties in ontwikkelingslanden die op hun beurt 3,2 miljoen ondernemers vooruithelpen met (financi\u00eble) middelen en advies. Het leeuwendeel van hen heeft geen toegang tot het klassieke bankensysteem.\",\"breadcrumb\":{\"@id\":\"https:\/\/incofincvso.be\/fr\/contribuez-a-leur-reussite\/#breadcrumb\"},\"inLanguage\":\"fr-FR\",\"potentialAction\":[{\"@type\":\"ReadAction\",\"target\":[\"https:\/\/incofincvso.be\/fr\/contribuez-a-leur-reussite\/\"]}]},{\"@type\":\"BreadcrumbList\",\"@id\":\"https:\/\/incofincvso.be\/fr\/contribuez-a-leur-reussite\/#breadcrumb\",\"itemListElement\":[{\"@type\":\"ListItem\",\"position\":1,\"name\":\"Home\",\"item\":\"https:\/\/incofincvso.be\/fr\/\"},{\"@type\":\"ListItem\",\"position\":2,\"name\":\"Vous aussi vous voulez contribuer \u00e0 la r\u00e9ussite d\u2019entrepreneurs ?\"}]},{\"@type\":\"WebSite\",\"@id\":\"https:\/\/incofincvso.be\/#website\",\"url\":\"https:\/\/incofincvso.be\/\",\"name\":\"Incofin Microfinance Fund\",\"description\":\"Vooruitgang maken we samen waar\",\"publisher\":{\"@id\":\"https:\/\/incofincvso.be\/#organization\"},\"potentialAction\":[{\"@type\":\"SearchAction\",\"target\":{\"@type\":\"EntryPoint\",\"urlTemplate\":\"https:\/\/incofincvso.be\/?s={search_term_string}\"},\"query-input\":{\"@type\":\"PropertyValueSpecification\",\"valueRequired\":true,\"valueName\":\"search_term_string\"}}],\"inLanguage\":\"fr-FR\"},{\"@type\":\"Organization\",\"@id\":\"https:\/\/incofincvso.be\/#organization\",\"name\":\"Incofin Microfinance Fund\",\"url\":\"https:\/\/incofincvso.be\/\",\"logo\":{\"@type\":\"ImageObject\",\"inLanguage\":\"fr-FR\",\"@id\":\"https:\/\/incofincvso.be\/#\/schema\/logo\/image\/\",\"url\":\"https:\/\/incofincvso.be\/wp-content\/uploads\/2017\/09\/logo-l.png\",\"contentUrl\":\"https:\/\/incofincvso.be\/wp-content\/uploads\/2017\/09\/logo-l.png\",\"width\":1138,\"height\":1017,\"caption\":\"Incofin Microfinance Fund\"},\"image\":{\"@id\":\"https:\/\/incofincvso.be\/#\/schema\/logo\/image\/\"},\"sameAs\":[\"https:\/\/www.facebook.com\/Incofin\/\",\"https:\/\/www.youtube.com\/channel\/UCCealVeFikPrvQL1ASLS_Kg\"]}]}<\/script>\n<!-- \/ Yoast SEO plugin. -->","yoast_head_json":{"title":"Vous aussi vous voulez contribuer \u00e0 la r\u00e9ussite d\u2019entrepreneurs ? &#8226; Incofin Microfinance Fund","description":"Wie investeert in Incofin Microfinance Fund, heeft een aandeel in het succes van gedreven ondernemers wereldwijd. Samen met zo'n 2.300 medeaandeelhouders investeer je in meer dan 51 organisaties in ontwikkelingslanden die op hun beurt 3,2 miljoen ondernemers vooruithelpen met (financi\u00eble) middelen en advies. Het leeuwendeel van hen heeft geen toegang tot het klassieke bankensysteem.","robots":{"index":"index","follow":"follow","max-snippet":"max-snippet:-1","max-image-preview":"max-image-preview:large","max-video-preview":"max-video-preview:-1"},"canonical":"https:\/\/incofincvso.be\/fr\/contribuez-a-leur-reussite\/","og_locale":"fr_FR","og_type":"article","og_title":"Vous aussi vous voulez contribuer \u00e0 la r\u00e9ussite d\u2019entrepreneurs ? &#8226; Incofin Microfinance Fund","og_description":"Wie investeert in Incofin Microfinance Fund, heeft een aandeel in het succes van gedreven ondernemers wereldwijd. Samen met zo'n 2.300 medeaandeelhouders investeer je in meer dan 51 organisaties in ontwikkelingslanden die op hun beurt 3,2 miljoen ondernemers vooruithelpen met (financi\u00eble) middelen en advies. Het leeuwendeel van hen heeft geen toegang tot het klassieke bankensysteem.","og_url":"https:\/\/incofincvso.be\/fr\/contribuez-a-leur-reussite\/","og_site_name":"Incofin Microfinance Fund","article_publisher":"https:\/\/www.facebook.com\/Incofin\/","article_modified_time":"2021-03-16T16:24:08+00:00","twitter_card":"summary_large_image","twitter_misc":{"Dur\u00e9e de lecture estim\u00e9e":"3 minutes"},"schema":{"@context":"https:\/\/schema.org","@graph":[{"@type":"WebPage","@id":"https:\/\/incofincvso.be\/fr\/contribuez-a-leur-reussite\/","url":"https:\/\/incofincvso.be\/fr\/contribuez-a-leur-reussite\/","name":"Vous aussi vous voulez contribuer \u00e0 la r\u00e9ussite d\u2019entrepreneurs ? &#8226; Incofin Microfinance Fund","isPartOf":{"@id":"https:\/\/incofincvso.be\/#website"},"datePublished":"2019-06-07T10:28:51+00:00","dateModified":"2021-03-16T16:24:08+00:00","description":"Wie investeert in Incofin Microfinance Fund, heeft een aandeel in het succes van gedreven ondernemers wereldwijd. Samen met zo'n 2.300 medeaandeelhouders investeer je in meer dan 51 organisaties in ontwikkelingslanden die op hun beurt 3,2 miljoen ondernemers vooruithelpen met (financi\u00eble) middelen en advies. Het leeuwendeel van hen heeft geen toegang tot het klassieke bankensysteem.","breadcrumb":{"@id":"https:\/\/incofincvso.be\/fr\/contribuez-a-leur-reussite\/#breadcrumb"},"inLanguage":"fr-FR","potentialAction":[{"@type":"ReadAction","target":["https:\/\/incofincvso.be\/fr\/contribuez-a-leur-reussite\/"]}]},{"@type":"BreadcrumbList","@id":"https:\/\/incofincvso.be\/fr\/contribuez-a-leur-reussite\/#breadcrumb","itemListElement":[{"@type":"ListItem","position":1,"name":"Home","item":"https:\/\/incofincvso.be\/fr\/"},{"@type":"ListItem","position":2,"name":"Vous aussi vous voulez contribuer \u00e0 la r\u00e9ussite d\u2019entrepreneurs ?"}]},{"@type":"WebSite","@id":"https:\/\/incofincvso.be\/#website","url":"https:\/\/incofincvso.be\/","name":"Incofin Microfinance Fund","description":"Vooruitgang maken we samen waar","publisher":{"@id":"https:\/\/incofincvso.be\/#organization"},"potentialAction":[{"@type":"SearchAction","target":{"@type":"EntryPoint","urlTemplate":"https:\/\/incofincvso.be\/?s={search_term_string}"},"query-input":{"@type":"PropertyValueSpecification","valueRequired":true,"valueName":"search_term_string"}}],"inLanguage":"fr-FR"},{"@type":"Organization","@id":"https:\/\/incofincvso.be\/#organization","name":"Incofin Microfinance Fund","url":"https:\/\/incofincvso.be\/","logo":{"@type":"ImageObject","inLanguage":"fr-FR","@id":"https:\/\/incofincvso.be\/#\/schema\/logo\/image\/","url":"https:\/\/incofincvso.be\/wp-content\/uploads\/2017\/09\/logo-l.png","contentUrl":"https:\/\/incofincvso.be\/wp-content\/uploads\/2017\/09\/logo-l.png","width":1138,"height":1017,"caption":"Incofin Microfinance Fund"},"image":{"@id":"https:\/\/incofincvso.be\/#\/schema\/logo\/image\/"},"sameAs":["https:\/\/www.facebook.com\/Incofin\/","https:\/\/www.youtube.com\/channel\/UCCealVeFikPrvQL1ASLS_Kg"]}]}},"_links":{"self":[{"href":"https:\/\/incofincvso.be\/fr\/wp-json\/wp\/v2\/pages\/7122","targetHints":{"allow":["GET"]}}],"collection":[{"href":"https:\/\/incofincvso.be\/fr\/wp-json\/wp\/v2\/pages"}],"about":[{"href":"https:\/\/incofincvso.be\/fr\/wp-json\/wp\/v2\/types\/page"}],"author":[{"embeddable":true,"href":"https:\/\/incofincvso.be\/fr\/wp-json\/wp\/v2\/users\/1"}],"replies":[{"embeddable":true,"href":"https:\/\/incofincvso.be\/fr\/wp-json\/wp\/v2\/comments?post=7122"}],"version-history":[{"count":0,"href":"https:\/\/incofincvso.be\/fr\/wp-json\/wp\/v2\/pages\/7122\/revisions"}],"wp:attachment":[{"href":"https:\/\/incofincvso.be\/fr\/wp-json\/wp\/v2\/media?parent=7122"}],"curies":[{"name":"wp","href":"https:\/\/api.w.org\/{rel}","templated":true}]}}