{"id":12440,"date":"2023-06-27T14:14:17","date_gmt":"2023-06-27T10:14:17","guid":{"rendered":"https:\/\/incofincvso.be\/griefs\/"},"modified":"2023-06-27T14:17:35","modified_gmt":"2023-06-27T10:17:35","slug":"griefs","status":"publish","type":"page","link":"https:\/\/incofincvso.be\/fr\/griefs\/","title":{"rendered":"Griefs"},"content":{"rendered":"<h3>D\u00e9poser une plainte<\/h3>\n<p>Incofin Microfinance Fund s&rsquo;efforce d&rsquo;\u00eatre un investisseur responsable. Vos commentaires sont importants pour nous. Toutes les parties prenantes externes sont invit\u00e9es \u00e0 soumettre leurs commentaires, pr\u00e9occupations ou plaintes via<a href=\"mailto:grievance@incofin.com\"> grievance@incofin.com<\/a>.<\/p>\n<p>Afin de vous fournir le meilleur service possible, Incofin Microfinance Fund vous encourage \u00e0 inclure toutes les informations pertinentes dans votre plainte, telles que:<\/p>\n<ul>\n<li>Votre nom et vos coordonn\u00e9es;;<\/li>\n<li>Le nom de l&rsquo;organisation partenaire d&rsquo;Incofin Microfinance Fund ou de l&rsquo;investisseur concern\u00e9 par le rapport (par exemple, le nom de la soci\u00e9t\u00e9, du fonds, du gestionnaire de fonds ou de l&rsquo;institution financi\u00e8re);<\/li>\n<li>Les informations relatives \u00e0 l&rsquo;inconduite ou \u00e0 la faute professionnelle;<\/li>\n<li>Les informations concernant tout pr\u00e9judice caus\u00e9 par la faute ou la n\u00e9gligence pr\u00e9sum\u00e9e, avec autant de d\u00e9tails que possible;<\/li>\n<li>Tout document susceptible d&rsquo;\u00e9tayer l&rsquo;all\u00e9gation d&rsquo;inconduite ou de faute professionnelle;<\/li>\n<li>Des informations sur les mesures prises avant la soumission du rapport ou de la plainte pour rem\u00e9dier \u00e0 l&rsquo;inconduite, \u00e0 la faute professionnelle ou au pr\u00e9judice pr\u00e9sum\u00e9 (le cas \u00e9ch\u00e9ant);<\/li>\n<li>Des informations concernant la r\u00e9solution souhait\u00e9e;<\/li>\n<li>Toute demande particuli\u00e8re concernant la confidentialit\u00e9 de la personne ou de l&rsquo;entit\u00e9 qui d\u00e9pose la plainte.<\/li>\n<\/ul>\n<p>Le responsable des plaintes accusera r\u00e9ception de la plainte dans les cinq jours ouvrables et vous informera de la proc\u00e9dure de gestion des plaintes.<\/p>\n","protected":false},"excerpt":{"rendered":"<p>D\u00e9poser une plainte Incofin Microfinance Fund s&rsquo;efforce d&rsquo;\u00eatre un investisseur responsable. Vos commentaires sont importants pour nous. Toutes les parties prenantes externes sont invit\u00e9es \u00e0 soumettre leurs commentaires, pr\u00e9occupations ou plaintes via grievance@incofin.com. Afin de vous fournir le meilleur service possible, Incofin Microfinance Fund vous encourage \u00e0 inclure toutes les informations pertinentes dans votre plainte, telles que: Votre nom et [&hellip;]<\/p>\n","protected":false},"author":2,"featured_media":0,"parent":0,"menu_order":0,"comment_status":"closed","ping_status":"closed","template":"","meta":{"_acf_changed":false,"footnotes":""},"class_list":["post-12440","page","type-page","status-publish","hentry"],"acf":[],"yoast_head":"<!-- This site is optimized with the Yoast SEO plugin v25.0 - https:\/\/yoast.com\/wordpress\/plugins\/seo\/ -->\n<title>Griefs &#8226; Incofin Microfinance Fund<\/title>\n<meta name=\"robots\" content=\"index, follow, max-snippet:-1, max-image-preview:large, max-video-preview:-1\" \/>\n<link rel=\"canonical\" href=\"https:\/\/incofincvso.be\/fr\/griefs\/\" \/>\n<meta property=\"og:locale\" content=\"fr_FR\" \/>\n<meta property=\"og:type\" content=\"article\" \/>\n<meta property=\"og:title\" content=\"Griefs &#8226; Incofin Microfinance Fund\" \/>\n<meta property=\"og:description\" content=\"D\u00e9poser une plainte Incofin Microfinance Fund s&rsquo;efforce d&rsquo;\u00eatre un investisseur responsable. Vos commentaires sont importants pour nous. Toutes les parties prenantes externes sont invit\u00e9es \u00e0 soumettre leurs commentaires, pr\u00e9occupations ou plaintes via grievance@incofin.com. Afin de vous fournir le meilleur service possible, Incofin Microfinance Fund vous encourage \u00e0 inclure toutes les informations pertinentes dans votre plainte, telles que: Votre nom et [&hellip;]\" \/>\n<meta property=\"og:url\" content=\"https:\/\/incofincvso.be\/fr\/griefs\/\" \/>\n<meta property=\"og:site_name\" content=\"Incofin Microfinance Fund\" \/>\n<meta property=\"article:publisher\" content=\"https:\/\/www.facebook.com\/Incofin\/\" \/>\n<meta property=\"article:modified_time\" content=\"2023-06-27T10:17:35+00:00\" \/>\n<meta name=\"twitter:card\" content=\"summary_large_image\" \/>\n<meta name=\"twitter:label1\" content=\"Dur\u00e9e de lecture estim\u00e9e\" \/>\n\t<meta name=\"twitter:data1\" content=\"1 minute\" \/>\n<script type=\"application\/ld+json\" class=\"yoast-schema-graph\">{\"@context\":\"https:\/\/schema.org\",\"@graph\":[{\"@type\":\"WebPage\",\"@id\":\"https:\/\/incofincvso.be\/fr\/griefs\/\",\"url\":\"https:\/\/incofincvso.be\/fr\/griefs\/\",\"name\":\"Griefs &#8226; Incofin Microfinance Fund\",\"isPartOf\":{\"@id\":\"https:\/\/incofincvso.be\/#website\"},\"datePublished\":\"2023-06-27T10:14:17+00:00\",\"dateModified\":\"2023-06-27T10:17:35+00:00\",\"breadcrumb\":{\"@id\":\"https:\/\/incofincvso.be\/fr\/griefs\/#breadcrumb\"},\"inLanguage\":\"fr-FR\",\"potentialAction\":[{\"@type\":\"ReadAction\",\"target\":[\"https:\/\/incofincvso.be\/fr\/griefs\/\"]}]},{\"@type\":\"BreadcrumbList\",\"@id\":\"https:\/\/incofincvso.be\/fr\/griefs\/#breadcrumb\",\"itemListElement\":[{\"@type\":\"ListItem\",\"position\":1,\"name\":\"Home\",\"item\":\"https:\/\/incofincvso.be\/fr\/\"},{\"@type\":\"ListItem\",\"position\":2,\"name\":\"Griefs\"}]},{\"@type\":\"WebSite\",\"@id\":\"https:\/\/incofincvso.be\/#website\",\"url\":\"https:\/\/incofincvso.be\/\",\"name\":\"Incofin Microfinance Fund\",\"description\":\"Vooruitgang maken we samen waar\",\"publisher\":{\"@id\":\"https:\/\/incofincvso.be\/#organization\"},\"potentialAction\":[{\"@type\":\"SearchAction\",\"target\":{\"@type\":\"EntryPoint\",\"urlTemplate\":\"https:\/\/incofincvso.be\/?s={search_term_string}\"},\"query-input\":{\"@type\":\"PropertyValueSpecification\",\"valueRequired\":true,\"valueName\":\"search_term_string\"}}],\"inLanguage\":\"fr-FR\"},{\"@type\":\"Organization\",\"@id\":\"https:\/\/incofincvso.be\/#organization\",\"name\":\"Incofin Microfinance Fund\",\"url\":\"https:\/\/incofincvso.be\/\",\"logo\":{\"@type\":\"ImageObject\",\"inLanguage\":\"fr-FR\",\"@id\":\"https:\/\/incofincvso.be\/#\/schema\/logo\/image\/\",\"url\":\"https:\/\/incofincvso.be\/wp-content\/uploads\/2017\/09\/logo-l.png\",\"contentUrl\":\"https:\/\/incofincvso.be\/wp-content\/uploads\/2017\/09\/logo-l.png\",\"width\":1138,\"height\":1017,\"caption\":\"Incofin Microfinance Fund\"},\"image\":{\"@id\":\"https:\/\/incofincvso.be\/#\/schema\/logo\/image\/\"},\"sameAs\":[\"https:\/\/www.facebook.com\/Incofin\/\",\"https:\/\/www.youtube.com\/channel\/UCCealVeFikPrvQL1ASLS_Kg\"]}]}<\/script>\n<!-- \/ Yoast SEO plugin. -->","yoast_head_json":{"title":"Griefs &#8226; Incofin Microfinance Fund","robots":{"index":"index","follow":"follow","max-snippet":"max-snippet:-1","max-image-preview":"max-image-preview:large","max-video-preview":"max-video-preview:-1"},"canonical":"https:\/\/incofincvso.be\/fr\/griefs\/","og_locale":"fr_FR","og_type":"article","og_title":"Griefs &#8226; Incofin Microfinance Fund","og_description":"D\u00e9poser une plainte Incofin Microfinance Fund s&rsquo;efforce d&rsquo;\u00eatre un investisseur responsable. Vos commentaires sont importants pour nous. Toutes les parties prenantes externes sont invit\u00e9es \u00e0 soumettre leurs commentaires, pr\u00e9occupations ou plaintes via grievance@incofin.com. Afin de vous fournir le meilleur service possible, Incofin Microfinance Fund vous encourage \u00e0 inclure toutes les informations pertinentes dans votre plainte, telles que: Votre nom et [&hellip;]","og_url":"https:\/\/incofincvso.be\/fr\/griefs\/","og_site_name":"Incofin Microfinance Fund","article_publisher":"https:\/\/www.facebook.com\/Incofin\/","article_modified_time":"2023-06-27T10:17:35+00:00","twitter_card":"summary_large_image","twitter_misc":{"Dur\u00e9e de lecture estim\u00e9e":"1 minute"},"schema":{"@context":"https:\/\/schema.org","@graph":[{"@type":"WebPage","@id":"https:\/\/incofincvso.be\/fr\/griefs\/","url":"https:\/\/incofincvso.be\/fr\/griefs\/","name":"Griefs &#8226; Incofin Microfinance Fund","isPartOf":{"@id":"https:\/\/incofincvso.be\/#website"},"datePublished":"2023-06-27T10:14:17+00:00","dateModified":"2023-06-27T10:17:35+00:00","breadcrumb":{"@id":"https:\/\/incofincvso.be\/fr\/griefs\/#breadcrumb"},"inLanguage":"fr-FR","potentialAction":[{"@type":"ReadAction","target":["https:\/\/incofincvso.be\/fr\/griefs\/"]}]},{"@type":"BreadcrumbList","@id":"https:\/\/incofincvso.be\/fr\/griefs\/#breadcrumb","itemListElement":[{"@type":"ListItem","position":1,"name":"Home","item":"https:\/\/incofincvso.be\/fr\/"},{"@type":"ListItem","position":2,"name":"Griefs"}]},{"@type":"WebSite","@id":"https:\/\/incofincvso.be\/#website","url":"https:\/\/incofincvso.be\/","name":"Incofin Microfinance Fund","description":"Vooruitgang maken we samen waar","publisher":{"@id":"https:\/\/incofincvso.be\/#organization"},"potentialAction":[{"@type":"SearchAction","target":{"@type":"EntryPoint","urlTemplate":"https:\/\/incofincvso.be\/?s={search_term_string}"},"query-input":{"@type":"PropertyValueSpecification","valueRequired":true,"valueName":"search_term_string"}}],"inLanguage":"fr-FR"},{"@type":"Organization","@id":"https:\/\/incofincvso.be\/#organization","name":"Incofin Microfinance Fund","url":"https:\/\/incofincvso.be\/","logo":{"@type":"ImageObject","inLanguage":"fr-FR","@id":"https:\/\/incofincvso.be\/#\/schema\/logo\/image\/","url":"https:\/\/incofincvso.be\/wp-content\/uploads\/2017\/09\/logo-l.png","contentUrl":"https:\/\/incofincvso.be\/wp-content\/uploads\/2017\/09\/logo-l.png","width":1138,"height":1017,"caption":"Incofin Microfinance Fund"},"image":{"@id":"https:\/\/incofincvso.be\/#\/schema\/logo\/image\/"},"sameAs":["https:\/\/www.facebook.com\/Incofin\/","https:\/\/www.youtube.com\/channel\/UCCealVeFikPrvQL1ASLS_Kg"]}]}},"_links":{"self":[{"href":"https:\/\/incofincvso.be\/fr\/wp-json\/wp\/v2\/pages\/12440","targetHints":{"allow":["GET"]}}],"collection":[{"href":"https:\/\/incofincvso.be\/fr\/wp-json\/wp\/v2\/pages"}],"about":[{"href":"https:\/\/incofincvso.be\/fr\/wp-json\/wp\/v2\/types\/page"}],"author":[{"embeddable":true,"href":"https:\/\/incofincvso.be\/fr\/wp-json\/wp\/v2\/users\/2"}],"replies":[{"embeddable":true,"href":"https:\/\/incofincvso.be\/fr\/wp-json\/wp\/v2\/comments?post=12440"}],"version-history":[{"count":0,"href":"https:\/\/incofincvso.be\/fr\/wp-json\/wp\/v2\/pages\/12440\/revisions"}],"wp:attachment":[{"href":"https:\/\/incofincvso.be\/fr\/wp-json\/wp\/v2\/media?parent=12440"}],"curies":[{"name":"wp","href":"https:\/\/api.w.org\/{rel}","templated":true}]}}