{"id":1042,"date":"2017-08-02T09:21:25","date_gmt":"2017-08-02T09:21:25","guid":{"rendered":"https:\/\/incofincvso.be\/impact\/"},"modified":"2022-05-24T18:56:18","modified_gmt":"2022-05-24T14:56:18","slug":"impact","status":"publish","type":"page","link":"https:\/\/incofincvso.be\/fr\/impact\/","title":{"rendered":"Impact"},"content":{"rendered":"\r\n<figure class=\"wp-block-gallery-1 is-layout-flex wp-block-gallery-is-layout-flex\"><img fetchpriority=\"high\" decoding=\"async\" class=\" wp-image-11459 aligncenter\" src=\"https:\/\/incofincvso.be\/wp-content\/uploads\/2022\/05\/Impact-FR-300x186.png\" alt=\"\" width=\"461\" height=\"286\" srcset=\"https:\/\/incofincvso.be\/wp-content\/uploads\/2022\/05\/Impact-FR-300x186.png 300w, https:\/\/incofincvso.be\/wp-content\/uploads\/2022\/05\/Impact-FR-600x372.png 600w, https:\/\/incofincvso.be\/wp-content\/uploads\/2022\/05\/Impact-FR.png 737w\" sizes=\"(max-width: 461px) 100vw, 461px\" \/><\/figure>\r\n\r\n\r\n\r\n<h4 class=\"wp-block-heading\">Nous ne r\u00e9coltons pas du vent, mais des <em>effets tangibles et rentables<\/em><\/h4>\r\n\r\n\r\n\r\n<p>Les entrepreneurs que vous soutenez via Incofin Microfinance Fund ont un r\u00eave et du courage. Ils veulent et peuvent se d\u00e9velopper, mais ils ont besoin d&rsquo;un coup de pouce financier. Une institution de microfinance leur pr\u00eate un petit montant. Par exemple, un cr\u00e9dit d&rsquo;investissement pour l\u2019achat d\u2019un v\u00e9hicule, de b\u00e9tail, d\u2019une plantation ou d\u2019un atelier peut faire toute la diff\u00e9rence pour une famille ou m\u00eame une communaut\u00e9 enti\u00e8re. Pour nous, la force de l\u2019unit\u00e9 n\u2019est pas du vent. L&rsquo;enthousiasme des agriculteurs locaux, commer\u00e7ants et producteurs des pays en d\u00e9veloppement uni \u00e0 votre investissement social, et au travail de nos collaborateurs permet de concr\u00e9tiser \u00a0beaucoup de choses.<\/p>\r\n\r\n\r\n\r\n<h4 class=\"wp-block-heading\"><em>Les gens<\/em>\u00a0sont plus importants que l\u2019argent<\/h4>\r\n\r\n\r\n\r\n<p>L\u2019effet direct sur la qualit\u00e9 de vie et les possibilit\u00e9s de croissance et d\u00e9veloppement d\u00e9terminent si une organisation constitue un bon investissement pour Incofin Microfinance Fund. C\u2019est pour cela que nous allons o\u00f9 peu d&rsquo;autres vont. Par exemple en Ha\u00efti avec notre partenaire ACME ou en Palestine avec Faten. Nous sommes souvent le premier investisseur international. C&rsquo;est par exemple le cas avec Bina Artha Ventura, en Indon\u00e9sie. Et nous restons pr\u00e9sent aussi quand la situation devient plus difficile; comme au Kenya et en R\u00e9publique D\u00e9mocratique du Congo.<\/p>\r\n\r\n\r\n\r\n<h4 class=\"wp-block-heading\">Une vie meilleure pour<em>\u00a0les prochaines g\u00e9n\u00e9rations<\/em><\/h4>\r\n\r\n\r\n\r\n<p>Ensemble, nous apportons l&rsquo;espoir, m\u00eame dans des moments d\u2019incertitude et dans des endroits moins \u00e9vidents. Cela a un effet positif sur les g\u00e9n\u00e9rations: plus d&rsquo;autonomie et une meilleure qualit\u00e9 de vie. Quand une microentreprise grandit gr\u00e2ce au microcr\u00e9dit, cela implique des revenus plus \u00e9lev\u00e9s pour la famille. Cela donne plus d\u2019aisance pour payer par exemple des frais de scolarit\u00e9, ce qui se traduit par plus de possibilit\u00e9s pour un avenir meilleur.\u00a0 Cela vaut \u00e9galement pour les femmes entrepreneuses. Parfois, m\u00eame le village entier en b\u00e9n\u00e9ficie gr\u00e2ce aux emplois connexes cr\u00e9\u00e9s.<\/p>\r\n\r\n\r\n\r\n<h4 class=\"wp-block-heading\">Promouvoir le <em>Commerce \u00e9quitable<\/em><\/h4>\r\n\r\n\r\n\r\n<p>Incofin est l&rsquo;un des actionnaires fondateurs du Fairtrade Access Fund. Ce fonds am\u00e9liore l&rsquo;acc\u00e8s des petits agriculteurs aux march\u00e9s et leur offre des d\u00e9bouch\u00e9s. Il finance \u00e9galement les investissements \u00e0 long terme des coop\u00e9ratives dans les infrastructures, machines et plantations. Les organisations d&rsquo;agriculteurs portant le label Faitrade sont r\u00e9parties dans seize pays et actives dans dix cultures diff\u00e9rentes, entre autres le caf\u00e9, le cacao et le quinoa.<\/p>\r\n","protected":false},"excerpt":{"rendered":"<p>Nous ne r\u00e9coltons pas du vent, mais des effets tangibles et rentables Les entrepreneurs que vous soutenez via Incofin Microfinance Fund ont un r\u00eave et du courage. Ils veulent et peuvent se d\u00e9velopper, mais ils ont besoin d&rsquo;un coup de pouce financier. Une institution de microfinance leur pr\u00eate un petit montant. Par exemple, un cr\u00e9dit d&rsquo;investissement pour l\u2019achat d\u2019un v\u00e9hicule, [&hellip;]<\/p>\n","protected":false},"author":1,"featured_media":0,"parent":0,"menu_order":79,"comment_status":"closed","ping_status":"closed","template":"page-cases.php","meta":{"_acf_changed":false,"footnotes":""},"class_list":["post-1042","page","type-page","status-publish","hentry"],"acf":[],"yoast_head":"<!-- This site is optimized with the Yoast SEO plugin v25.0 - https:\/\/yoast.com\/wordpress\/plugins\/seo\/ -->\n<title>Impact &#8226; Incofin Microfinance Fund<\/title>\n<meta name=\"robots\" content=\"index, follow, max-snippet:-1, max-image-preview:large, max-video-preview:-1\" \/>\n<link rel=\"canonical\" href=\"https:\/\/incofincvso.be\/fr\/impact\/\" \/>\n<meta property=\"og:locale\" content=\"fr_FR\" \/>\n<meta property=\"og:type\" content=\"article\" \/>\n<meta property=\"og:title\" content=\"Impact &#8226; Incofin Microfinance Fund\" \/>\n<meta property=\"og:description\" content=\"Nous ne r\u00e9coltons pas du vent, mais des effets tangibles et rentables Les entrepreneurs que vous soutenez via Incofin Microfinance Fund ont un r\u00eave et du courage. Ils veulent et peuvent se d\u00e9velopper, mais ils ont besoin d&rsquo;un coup de pouce financier. Une institution de microfinance leur pr\u00eate un petit montant. Par exemple, un cr\u00e9dit d&rsquo;investissement pour l\u2019achat d\u2019un v\u00e9hicule, [&hellip;]\" \/>\n<meta property=\"og:url\" content=\"https:\/\/incofincvso.be\/fr\/impact\/\" \/>\n<meta property=\"og:site_name\" content=\"Incofin Microfinance Fund\" \/>\n<meta property=\"article:publisher\" content=\"https:\/\/www.facebook.com\/Incofin\/\" \/>\n<meta property=\"article:modified_time\" content=\"2022-05-24T14:56:18+00:00\" \/>\n<meta property=\"og:image\" content=\"https:\/\/incofincvso.be\/wp-content\/uploads\/2022\/05\/Impact-FR-300x186.png\" \/>\n<meta name=\"twitter:card\" content=\"summary_large_image\" \/>\n<meta name=\"twitter:label1\" content=\"Dur\u00e9e de lecture estim\u00e9e\" \/>\n\t<meta name=\"twitter:data1\" content=\"2 minutes\" \/>\n<script type=\"application\/ld+json\" class=\"yoast-schema-graph\">{\"@context\":\"https:\/\/schema.org\",\"@graph\":[{\"@type\":\"WebPage\",\"@id\":\"https:\/\/incofincvso.be\/fr\/impact\/\",\"url\":\"https:\/\/incofincvso.be\/fr\/impact\/\",\"name\":\"Impact &#8226; Incofin Microfinance Fund\",\"isPartOf\":{\"@id\":\"https:\/\/incofincvso.be\/#website\"},\"primaryImageOfPage\":{\"@id\":\"https:\/\/incofincvso.be\/fr\/impact\/#primaryimage\"},\"image\":{\"@id\":\"https:\/\/incofincvso.be\/fr\/impact\/#primaryimage\"},\"thumbnailUrl\":\"https:\/\/incofincvso.be\/wp-content\/uploads\/2022\/05\/Impact-FR-300x186.png\",\"datePublished\":\"2017-08-02T09:21:25+00:00\",\"dateModified\":\"2022-05-24T14:56:18+00:00\",\"breadcrumb\":{\"@id\":\"https:\/\/incofincvso.be\/fr\/impact\/#breadcrumb\"},\"inLanguage\":\"fr-FR\",\"potentialAction\":[{\"@type\":\"ReadAction\",\"target\":[\"https:\/\/incofincvso.be\/fr\/impact\/\"]}]},{\"@type\":\"ImageObject\",\"inLanguage\":\"fr-FR\",\"@id\":\"https:\/\/incofincvso.be\/fr\/impact\/#primaryimage\",\"url\":\"https:\/\/incofincvso.be\/wp-content\/uploads\/2022\/05\/Impact-FR-300x186.png\",\"contentUrl\":\"https:\/\/incofincvso.be\/wp-content\/uploads\/2022\/05\/Impact-FR-300x186.png\"},{\"@type\":\"BreadcrumbList\",\"@id\":\"https:\/\/incofincvso.be\/fr\/impact\/#breadcrumb\",\"itemListElement\":[{\"@type\":\"ListItem\",\"position\":1,\"name\":\"Home\",\"item\":\"https:\/\/incofincvso.be\/fr\/\"},{\"@type\":\"ListItem\",\"position\":2,\"name\":\"Impact\"}]},{\"@type\":\"WebSite\",\"@id\":\"https:\/\/incofincvso.be\/#website\",\"url\":\"https:\/\/incofincvso.be\/\",\"name\":\"Incofin Microfinance Fund\",\"description\":\"Vooruitgang maken we samen waar\",\"publisher\":{\"@id\":\"https:\/\/incofincvso.be\/#organization\"},\"potentialAction\":[{\"@type\":\"SearchAction\",\"target\":{\"@type\":\"EntryPoint\",\"urlTemplate\":\"https:\/\/incofincvso.be\/?s={search_term_string}\"},\"query-input\":{\"@type\":\"PropertyValueSpecification\",\"valueRequired\":true,\"valueName\":\"search_term_string\"}}],\"inLanguage\":\"fr-FR\"},{\"@type\":\"Organization\",\"@id\":\"https:\/\/incofincvso.be\/#organization\",\"name\":\"Incofin Microfinance Fund\",\"url\":\"https:\/\/incofincvso.be\/\",\"logo\":{\"@type\":\"ImageObject\",\"inLanguage\":\"fr-FR\",\"@id\":\"https:\/\/incofincvso.be\/#\/schema\/logo\/image\/\",\"url\":\"https:\/\/incofincvso.be\/wp-content\/uploads\/2017\/09\/logo-l.png\",\"contentUrl\":\"https:\/\/incofincvso.be\/wp-content\/uploads\/2017\/09\/logo-l.png\",\"width\":1138,\"height\":1017,\"caption\":\"Incofin Microfinance Fund\"},\"image\":{\"@id\":\"https:\/\/incofincvso.be\/#\/schema\/logo\/image\/\"},\"sameAs\":[\"https:\/\/www.facebook.com\/Incofin\/\",\"https:\/\/www.youtube.com\/channel\/UCCealVeFikPrvQL1ASLS_Kg\"]}]}<\/script>\n<!-- \/ Yoast SEO plugin. -->","yoast_head_json":{"title":"Impact &#8226; Incofin Microfinance Fund","robots":{"index":"index","follow":"follow","max-snippet":"max-snippet:-1","max-image-preview":"max-image-preview:large","max-video-preview":"max-video-preview:-1"},"canonical":"https:\/\/incofincvso.be\/fr\/impact\/","og_locale":"fr_FR","og_type":"article","og_title":"Impact &#8226; Incofin Microfinance Fund","og_description":"Nous ne r\u00e9coltons pas du vent, mais des effets tangibles et rentables Les entrepreneurs que vous soutenez via Incofin Microfinance Fund ont un r\u00eave et du courage. Ils veulent et peuvent se d\u00e9velopper, mais ils ont besoin d&rsquo;un coup de pouce financier. Une institution de microfinance leur pr\u00eate un petit montant. Par exemple, un cr\u00e9dit d&rsquo;investissement pour l\u2019achat d\u2019un v\u00e9hicule, [&hellip;]","og_url":"https:\/\/incofincvso.be\/fr\/impact\/","og_site_name":"Incofin Microfinance Fund","article_publisher":"https:\/\/www.facebook.com\/Incofin\/","article_modified_time":"2022-05-24T14:56:18+00:00","og_image":[{"url":"https:\/\/incofincvso.be\/wp-content\/uploads\/2022\/05\/Impact-FR-300x186.png","type":"","width":"","height":""}],"twitter_card":"summary_large_image","twitter_misc":{"Dur\u00e9e de lecture estim\u00e9e":"2 minutes"},"schema":{"@context":"https:\/\/schema.org","@graph":[{"@type":"WebPage","@id":"https:\/\/incofincvso.be\/fr\/impact\/","url":"https:\/\/incofincvso.be\/fr\/impact\/","name":"Impact &#8226; Incofin Microfinance Fund","isPartOf":{"@id":"https:\/\/incofincvso.be\/#website"},"primaryImageOfPage":{"@id":"https:\/\/incofincvso.be\/fr\/impact\/#primaryimage"},"image":{"@id":"https:\/\/incofincvso.be\/fr\/impact\/#primaryimage"},"thumbnailUrl":"https:\/\/incofincvso.be\/wp-content\/uploads\/2022\/05\/Impact-FR-300x186.png","datePublished":"2017-08-02T09:21:25+00:00","dateModified":"2022-05-24T14:56:18+00:00","breadcrumb":{"@id":"https:\/\/incofincvso.be\/fr\/impact\/#breadcrumb"},"inLanguage":"fr-FR","potentialAction":[{"@type":"ReadAction","target":["https:\/\/incofincvso.be\/fr\/impact\/"]}]},{"@type":"ImageObject","inLanguage":"fr-FR","@id":"https:\/\/incofincvso.be\/fr\/impact\/#primaryimage","url":"https:\/\/incofincvso.be\/wp-content\/uploads\/2022\/05\/Impact-FR-300x186.png","contentUrl":"https:\/\/incofincvso.be\/wp-content\/uploads\/2022\/05\/Impact-FR-300x186.png"},{"@type":"BreadcrumbList","@id":"https:\/\/incofincvso.be\/fr\/impact\/#breadcrumb","itemListElement":[{"@type":"ListItem","position":1,"name":"Home","item":"https:\/\/incofincvso.be\/fr\/"},{"@type":"ListItem","position":2,"name":"Impact"}]},{"@type":"WebSite","@id":"https:\/\/incofincvso.be\/#website","url":"https:\/\/incofincvso.be\/","name":"Incofin Microfinance Fund","description":"Vooruitgang maken we samen waar","publisher":{"@id":"https:\/\/incofincvso.be\/#organization"},"potentialAction":[{"@type":"SearchAction","target":{"@type":"EntryPoint","urlTemplate":"https:\/\/incofincvso.be\/?s={search_term_string}"},"query-input":{"@type":"PropertyValueSpecification","valueRequired":true,"valueName":"search_term_string"}}],"inLanguage":"fr-FR"},{"@type":"Organization","@id":"https:\/\/incofincvso.be\/#organization","name":"Incofin Microfinance Fund","url":"https:\/\/incofincvso.be\/","logo":{"@type":"ImageObject","inLanguage":"fr-FR","@id":"https:\/\/incofincvso.be\/#\/schema\/logo\/image\/","url":"https:\/\/incofincvso.be\/wp-content\/uploads\/2017\/09\/logo-l.png","contentUrl":"https:\/\/incofincvso.be\/wp-content\/uploads\/2017\/09\/logo-l.png","width":1138,"height":1017,"caption":"Incofin Microfinance Fund"},"image":{"@id":"https:\/\/incofincvso.be\/#\/schema\/logo\/image\/"},"sameAs":["https:\/\/www.facebook.com\/Incofin\/","https:\/\/www.youtube.com\/channel\/UCCealVeFikPrvQL1ASLS_Kg"]}]}},"_links":{"self":[{"href":"https:\/\/incofincvso.be\/fr\/wp-json\/wp\/v2\/pages\/1042","targetHints":{"allow":["GET"]}}],"collection":[{"href":"https:\/\/incofincvso.be\/fr\/wp-json\/wp\/v2\/pages"}],"about":[{"href":"https:\/\/incofincvso.be\/fr\/wp-json\/wp\/v2\/types\/page"}],"author":[{"embeddable":true,"href":"https:\/\/incofincvso.be\/fr\/wp-json\/wp\/v2\/users\/1"}],"replies":[{"embeddable":true,"href":"https:\/\/incofincvso.be\/fr\/wp-json\/wp\/v2\/comments?post=1042"}],"version-history":[{"count":0,"href":"https:\/\/incofincvso.be\/fr\/wp-json\/wp\/v2\/pages\/1042\/revisions"}],"wp:attachment":[{"href":"https:\/\/incofincvso.be\/fr\/wp-json\/wp\/v2\/media?parent=1042"}],"curies":[{"name":"wp","href":"https:\/\/api.w.org\/{rel}","templated":true}]}}