{"id":1040,"date":"2017-08-07T14:58:04","date_gmt":"2017-08-07T14:58:04","guid":{"rendered":"https:\/\/incofincvso.be\/investeer\/reeds-vennoot\/"},"modified":"2019-12-12T13:01:56","modified_gmt":"2019-12-12T09:01:56","slug":"deja-associe","status":"publish","type":"page","link":"https:\/\/incofincvso.be\/fr\/investissez\/deja-associe\/","title":{"rendered":"D\u00e9j\u00e0 associ\u00e9"},"content":{"rendered":"<h3>Heureux que vous souscriviez de nouvelles actions!<\/h3>\n<p>En tant que fid\u00e8le associ\u00e9, vous ne devez plus remplir le formulaire d&rsquo;inscription, \u00e0 moins que vos informations de contact aient \u00e9t\u00e9 modifi\u00e9es. Veuillez verser le montant d\u00e9sir\u00e9 sur le num\u00e9ro de compte 890-0142924-74 d&rsquo;Incofin Microfinance Fund ouvert aupr\u00e8s de la banque VDK (IBAN: BE16890014292474, BIC: VDSPBE91).<\/p>\n<p>Vous recevrez un certificat de parts sociales apr\u00e8s r\u00e9ception de votre virement.<\/p>\n<p><strong>Vous recevrez une attestation fiscale avant le 31 mars suivant l&rsquo;ann\u00e9e de souscription.<\/strong> <strong>Cela signifie avant le 31 mars 2020 pour un paiement effectu\u00e9 en 2019. Cela ne vaut que pour les particuliers et \u00e0 condition que vous ayez achet\u00e9 au moins trois vingti\u00e8me de parts cette ann\u00e9e-l\u00e0. <\/strong><\/p>\n","protected":false},"excerpt":{"rendered":"<p>Heureux que vous souscriviez de nouvelles actions! En tant que fid\u00e8le associ\u00e9, vous ne devez plus remplir le formulaire d&rsquo;inscription, \u00e0 moins que vos informations de contact aient \u00e9t\u00e9 modifi\u00e9es. Veuillez verser le montant d\u00e9sir\u00e9 sur le num\u00e9ro de compte 890-0142924-74 d&rsquo;Incofin Microfinance Fund ouvert aupr\u00e8s de la banque VDK (IBAN: BE16890014292474, BIC: VDSPBE91). Vous recevrez un certificat de parts [&hellip;]<\/p>\n","protected":false},"author":1,"featured_media":0,"parent":1038,"menu_order":58,"comment_status":"closed","ping_status":"closed","template":"page-reeds-aandeelhouder.php","meta":{"_acf_changed":false,"footnotes":""},"class_list":["post-1040","page","type-page","status-publish","hentry"],"acf":[],"yoast_head":"<!-- This site is optimized with the Yoast SEO plugin v25.0 - https:\/\/yoast.com\/wordpress\/plugins\/seo\/ -->\n<title>D\u00e9j\u00e0 associ\u00e9 &#8226; Incofin Microfinance Fund<\/title>\n<meta name=\"robots\" content=\"index, follow, max-snippet:-1, max-image-preview:large, max-video-preview:-1\" \/>\n<link rel=\"canonical\" href=\"https:\/\/incofincvso.be\/fr\/investissez\/deja-associe\/\" \/>\n<meta property=\"og:locale\" content=\"fr_FR\" \/>\n<meta property=\"og:type\" content=\"article\" \/>\n<meta property=\"og:title\" content=\"D\u00e9j\u00e0 associ\u00e9 &#8226; Incofin Microfinance Fund\" \/>\n<meta property=\"og:description\" content=\"Heureux que vous souscriviez de nouvelles actions! En tant que fid\u00e8le associ\u00e9, vous ne devez plus remplir le formulaire d&rsquo;inscription, \u00e0 moins que vos informations de contact aient \u00e9t\u00e9 modifi\u00e9es. Veuillez verser le montant d\u00e9sir\u00e9 sur le num\u00e9ro de compte 890-0142924-74 d&rsquo;Incofin Microfinance Fund ouvert aupr\u00e8s de la banque VDK (IBAN: BE16890014292474, BIC: VDSPBE91). Vous recevrez un certificat de parts [&hellip;]\" \/>\n<meta property=\"og:url\" content=\"https:\/\/incofincvso.be\/fr\/investissez\/deja-associe\/\" \/>\n<meta property=\"og:site_name\" content=\"Incofin Microfinance Fund\" \/>\n<meta property=\"article:publisher\" content=\"https:\/\/www.facebook.com\/Incofin\/\" \/>\n<meta property=\"article:modified_time\" content=\"2019-12-12T09:01:56+00:00\" \/>\n<meta name=\"twitter:card\" content=\"summary_large_image\" \/>\n<meta name=\"twitter:label1\" content=\"Dur\u00e9e de lecture estim\u00e9e\" \/>\n\t<meta name=\"twitter:data1\" content=\"1 minute\" \/>\n<script type=\"application\/ld+json\" class=\"yoast-schema-graph\">{\"@context\":\"https:\/\/schema.org\",\"@graph\":[{\"@type\":\"WebPage\",\"@id\":\"https:\/\/incofincvso.be\/fr\/investissez\/deja-associe\/\",\"url\":\"https:\/\/incofincvso.be\/fr\/investissez\/deja-associe\/\",\"name\":\"D\u00e9j\u00e0 associ\u00e9 &#8226; Incofin Microfinance Fund\",\"isPartOf\":{\"@id\":\"https:\/\/incofincvso.be\/#website\"},\"datePublished\":\"2017-08-07T14:58:04+00:00\",\"dateModified\":\"2019-12-12T09:01:56+00:00\",\"breadcrumb\":{\"@id\":\"https:\/\/incofincvso.be\/fr\/investissez\/deja-associe\/#breadcrumb\"},\"inLanguage\":\"fr-FR\",\"potentialAction\":[{\"@type\":\"ReadAction\",\"target\":[\"https:\/\/incofincvso.be\/fr\/investissez\/deja-associe\/\"]}]},{\"@type\":\"BreadcrumbList\",\"@id\":\"https:\/\/incofincvso.be\/fr\/investissez\/deja-associe\/#breadcrumb\",\"itemListElement\":[{\"@type\":\"ListItem\",\"position\":1,\"name\":\"Home\",\"item\":\"https:\/\/incofincvso.be\/fr\/\"},{\"@type\":\"ListItem\",\"position\":2,\"name\":\"Investissez\",\"item\":\"https:\/\/incofincvso.be\/fr\/investissez\/\"},{\"@type\":\"ListItem\",\"position\":3,\"name\":\"D\u00e9j\u00e0 associ\u00e9\"}]},{\"@type\":\"WebSite\",\"@id\":\"https:\/\/incofincvso.be\/#website\",\"url\":\"https:\/\/incofincvso.be\/\",\"name\":\"Incofin Microfinance Fund\",\"description\":\"Vooruitgang maken we samen waar\",\"publisher\":{\"@id\":\"https:\/\/incofincvso.be\/#organization\"},\"potentialAction\":[{\"@type\":\"SearchAction\",\"target\":{\"@type\":\"EntryPoint\",\"urlTemplate\":\"https:\/\/incofincvso.be\/?s={search_term_string}\"},\"query-input\":{\"@type\":\"PropertyValueSpecification\",\"valueRequired\":true,\"valueName\":\"search_term_string\"}}],\"inLanguage\":\"fr-FR\"},{\"@type\":\"Organization\",\"@id\":\"https:\/\/incofincvso.be\/#organization\",\"name\":\"Incofin Microfinance Fund\",\"url\":\"https:\/\/incofincvso.be\/\",\"logo\":{\"@type\":\"ImageObject\",\"inLanguage\":\"fr-FR\",\"@id\":\"https:\/\/incofincvso.be\/#\/schema\/logo\/image\/\",\"url\":\"https:\/\/incofincvso.be\/wp-content\/uploads\/2017\/09\/logo-l.png\",\"contentUrl\":\"https:\/\/incofincvso.be\/wp-content\/uploads\/2017\/09\/logo-l.png\",\"width\":1138,\"height\":1017,\"caption\":\"Incofin Microfinance Fund\"},\"image\":{\"@id\":\"https:\/\/incofincvso.be\/#\/schema\/logo\/image\/\"},\"sameAs\":[\"https:\/\/www.facebook.com\/Incofin\/\",\"https:\/\/www.youtube.com\/channel\/UCCealVeFikPrvQL1ASLS_Kg\"]}]}<\/script>\n<!-- \/ Yoast SEO plugin. -->","yoast_head_json":{"title":"D\u00e9j\u00e0 associ\u00e9 &#8226; Incofin Microfinance Fund","robots":{"index":"index","follow":"follow","max-snippet":"max-snippet:-1","max-image-preview":"max-image-preview:large","max-video-preview":"max-video-preview:-1"},"canonical":"https:\/\/incofincvso.be\/fr\/investissez\/deja-associe\/","og_locale":"fr_FR","og_type":"article","og_title":"D\u00e9j\u00e0 associ\u00e9 &#8226; Incofin Microfinance Fund","og_description":"Heureux que vous souscriviez de nouvelles actions! En tant que fid\u00e8le associ\u00e9, vous ne devez plus remplir le formulaire d&rsquo;inscription, \u00e0 moins que vos informations de contact aient \u00e9t\u00e9 modifi\u00e9es. Veuillez verser le montant d\u00e9sir\u00e9 sur le num\u00e9ro de compte 890-0142924-74 d&rsquo;Incofin Microfinance Fund ouvert aupr\u00e8s de la banque VDK (IBAN: BE16890014292474, BIC: VDSPBE91). Vous recevrez un certificat de parts [&hellip;]","og_url":"https:\/\/incofincvso.be\/fr\/investissez\/deja-associe\/","og_site_name":"Incofin Microfinance Fund","article_publisher":"https:\/\/www.facebook.com\/Incofin\/","article_modified_time":"2019-12-12T09:01:56+00:00","twitter_card":"summary_large_image","twitter_misc":{"Dur\u00e9e de lecture estim\u00e9e":"1 minute"},"schema":{"@context":"https:\/\/schema.org","@graph":[{"@type":"WebPage","@id":"https:\/\/incofincvso.be\/fr\/investissez\/deja-associe\/","url":"https:\/\/incofincvso.be\/fr\/investissez\/deja-associe\/","name":"D\u00e9j\u00e0 associ\u00e9 &#8226; Incofin Microfinance Fund","isPartOf":{"@id":"https:\/\/incofincvso.be\/#website"},"datePublished":"2017-08-07T14:58:04+00:00","dateModified":"2019-12-12T09:01:56+00:00","breadcrumb":{"@id":"https:\/\/incofincvso.be\/fr\/investissez\/deja-associe\/#breadcrumb"},"inLanguage":"fr-FR","potentialAction":[{"@type":"ReadAction","target":["https:\/\/incofincvso.be\/fr\/investissez\/deja-associe\/"]}]},{"@type":"BreadcrumbList","@id":"https:\/\/incofincvso.be\/fr\/investissez\/deja-associe\/#breadcrumb","itemListElement":[{"@type":"ListItem","position":1,"name":"Home","item":"https:\/\/incofincvso.be\/fr\/"},{"@type":"ListItem","position":2,"name":"Investissez","item":"https:\/\/incofincvso.be\/fr\/investissez\/"},{"@type":"ListItem","position":3,"name":"D\u00e9j\u00e0 associ\u00e9"}]},{"@type":"WebSite","@id":"https:\/\/incofincvso.be\/#website","url":"https:\/\/incofincvso.be\/","name":"Incofin Microfinance Fund","description":"Vooruitgang maken we samen waar","publisher":{"@id":"https:\/\/incofincvso.be\/#organization"},"potentialAction":[{"@type":"SearchAction","target":{"@type":"EntryPoint","urlTemplate":"https:\/\/incofincvso.be\/?s={search_term_string}"},"query-input":{"@type":"PropertyValueSpecification","valueRequired":true,"valueName":"search_term_string"}}],"inLanguage":"fr-FR"},{"@type":"Organization","@id":"https:\/\/incofincvso.be\/#organization","name":"Incofin Microfinance Fund","url":"https:\/\/incofincvso.be\/","logo":{"@type":"ImageObject","inLanguage":"fr-FR","@id":"https:\/\/incofincvso.be\/#\/schema\/logo\/image\/","url":"https:\/\/incofincvso.be\/wp-content\/uploads\/2017\/09\/logo-l.png","contentUrl":"https:\/\/incofincvso.be\/wp-content\/uploads\/2017\/09\/logo-l.png","width":1138,"height":1017,"caption":"Incofin Microfinance Fund"},"image":{"@id":"https:\/\/incofincvso.be\/#\/schema\/logo\/image\/"},"sameAs":["https:\/\/www.facebook.com\/Incofin\/","https:\/\/www.youtube.com\/channel\/UCCealVeFikPrvQL1ASLS_Kg"]}]}},"_links":{"self":[{"href":"https:\/\/incofincvso.be\/fr\/wp-json\/wp\/v2\/pages\/1040","targetHints":{"allow":["GET"]}}],"collection":[{"href":"https:\/\/incofincvso.be\/fr\/wp-json\/wp\/v2\/pages"}],"about":[{"href":"https:\/\/incofincvso.be\/fr\/wp-json\/wp\/v2\/types\/page"}],"author":[{"embeddable":true,"href":"https:\/\/incofincvso.be\/fr\/wp-json\/wp\/v2\/users\/1"}],"replies":[{"embeddable":true,"href":"https:\/\/incofincvso.be\/fr\/wp-json\/wp\/v2\/comments?post=1040"}],"version-history":[{"count":0,"href":"https:\/\/incofincvso.be\/fr\/wp-json\/wp\/v2\/pages\/1040\/revisions"}],"up":[{"embeddable":true,"href":"https:\/\/incofincvso.be\/fr\/wp-json\/wp\/v2\/pages\/1038"}],"wp:attachment":[{"href":"https:\/\/incofincvso.be\/fr\/wp-json\/wp\/v2\/media?parent=1040"}],"curies":[{"name":"wp","href":"https:\/\/api.w.org\/{rel}","templated":true}]}}