{"id":1038,"date":"2017-08-02T09:21:35","date_gmt":"2017-08-02T09:21:35","guid":{"rendered":"https:\/\/incofincvso.be\/investeer\/"},"modified":"2025-08-08T16:53:44","modified_gmt":"2025-08-08T12:53:44","slug":"investissez","status":"publish","type":"page","link":"https:\/\/incofincvso.be\/fr\/investissez\/","title":{"rendered":"Investissez"},"content":{"rendered":"<p>Incofin Microfinance Fund est un fonds d&rsquo;investissement belge poss\u00e9dant une grande exp\u00e9rience au niveau international et qui travaille pour la bonne cause. Gr\u00e2ce \u00e0 nos \u00e9quipes d&rsquo;investissements sur place dans les pays, nous savons pr\u00e9cis\u00e9ment o\u00f9 va votre argent et \u00e0 quoi il sert. Nous vous informons r\u00e9guli\u00e8rement et, en plus de la satisfaction de prendre part \u00e0 une bonne cause avec d\u2019autres, vous recevez un beau rendement financier*.<\/p>\n<p><span style=\"font-size: 0.8em; color: silver;\">*Le versement du dividende au cours des ann\u00e9es pr\u00e9c\u00e9dentes ne constitue pas une garantie pour l&rsquo;avenir.<\/span><\/p>\n","protected":false},"excerpt":{"rendered":"<p>Incofin Microfinance Fund est un fonds d&rsquo;investissement belge poss\u00e9dant une grande exp\u00e9rience au niveau international et qui travaille pour la bonne cause. Gr\u00e2ce \u00e0 nos \u00e9quipes d&rsquo;investissements sur place dans les pays, nous savons pr\u00e9cis\u00e9ment o\u00f9 va votre argent et \u00e0 quoi il sert. Nous vous informons r\u00e9guli\u00e8rement et, en plus de la satisfaction de prendre part \u00e0 une bonne [&hellip;]<\/p>\n","protected":false},"author":1,"featured_media":0,"parent":0,"menu_order":78,"comment_status":"closed","ping_status":"closed","template":"page-register.php","meta":{"_acf_changed":false,"footnotes":""},"class_list":["post-1038","page","type-page","status-publish","hentry"],"acf":[],"yoast_head":"<!-- This site is optimized with the Yoast SEO plugin v25.0 - https:\/\/yoast.com\/wordpress\/plugins\/seo\/ -->\n<title>Investissez &#8226; Incofin Microfinance Fund<\/title>\n<meta name=\"robots\" content=\"index, follow, max-snippet:-1, max-image-preview:large, max-video-preview:-1\" \/>\n<link rel=\"canonical\" href=\"https:\/\/incofincvso.be\/fr\/investissez\/\" \/>\n<meta property=\"og:locale\" content=\"fr_FR\" \/>\n<meta property=\"og:type\" content=\"article\" \/>\n<meta property=\"og:title\" content=\"Investissez &#8226; Incofin Microfinance Fund\" \/>\n<meta property=\"og:description\" content=\"Incofin Microfinance Fund est un fonds d&rsquo;investissement belge poss\u00e9dant une grande exp\u00e9rience au niveau international et qui travaille pour la bonne cause. Gr\u00e2ce \u00e0 nos \u00e9quipes d&rsquo;investissements sur place dans les pays, nous savons pr\u00e9cis\u00e9ment o\u00f9 va votre argent et \u00e0 quoi il sert. Nous vous informons r\u00e9guli\u00e8rement et, en plus de la satisfaction de prendre part \u00e0 une bonne [&hellip;]\" \/>\n<meta property=\"og:url\" content=\"https:\/\/incofincvso.be\/fr\/investissez\/\" \/>\n<meta property=\"og:site_name\" content=\"Incofin Microfinance Fund\" \/>\n<meta property=\"article:publisher\" content=\"https:\/\/www.facebook.com\/Incofin\/\" \/>\n<meta property=\"article:modified_time\" content=\"2025-08-08T12:53:44+00:00\" \/>\n<meta name=\"twitter:card\" content=\"summary_large_image\" \/>\n<meta name=\"twitter:label1\" content=\"Dur\u00e9e de lecture estim\u00e9e\" \/>\n\t<meta name=\"twitter:data1\" content=\"1 minute\" \/>\n<script type=\"application\/ld+json\" class=\"yoast-schema-graph\">{\"@context\":\"https:\/\/schema.org\",\"@graph\":[{\"@type\":\"WebPage\",\"@id\":\"https:\/\/incofincvso.be\/fr\/investissez\/\",\"url\":\"https:\/\/incofincvso.be\/fr\/investissez\/\",\"name\":\"Investissez &#8226; Incofin Microfinance Fund\",\"isPartOf\":{\"@id\":\"https:\/\/incofincvso.be\/#website\"},\"datePublished\":\"2017-08-02T09:21:35+00:00\",\"dateModified\":\"2025-08-08T12:53:44+00:00\",\"breadcrumb\":{\"@id\":\"https:\/\/incofincvso.be\/fr\/investissez\/#breadcrumb\"},\"inLanguage\":\"fr-FR\",\"potentialAction\":[{\"@type\":\"ReadAction\",\"target\":[\"https:\/\/incofincvso.be\/fr\/investissez\/\"]}]},{\"@type\":\"BreadcrumbList\",\"@id\":\"https:\/\/incofincvso.be\/fr\/investissez\/#breadcrumb\",\"itemListElement\":[{\"@type\":\"ListItem\",\"position\":1,\"name\":\"Home\",\"item\":\"https:\/\/incofincvso.be\/fr\/\"},{\"@type\":\"ListItem\",\"position\":2,\"name\":\"Investissez\"}]},{\"@type\":\"WebSite\",\"@id\":\"https:\/\/incofincvso.be\/#website\",\"url\":\"https:\/\/incofincvso.be\/\",\"name\":\"Incofin Microfinance Fund\",\"description\":\"Vooruitgang maken we samen waar\",\"publisher\":{\"@id\":\"https:\/\/incofincvso.be\/#organization\"},\"potentialAction\":[{\"@type\":\"SearchAction\",\"target\":{\"@type\":\"EntryPoint\",\"urlTemplate\":\"https:\/\/incofincvso.be\/?s={search_term_string}\"},\"query-input\":{\"@type\":\"PropertyValueSpecification\",\"valueRequired\":true,\"valueName\":\"search_term_string\"}}],\"inLanguage\":\"fr-FR\"},{\"@type\":\"Organization\",\"@id\":\"https:\/\/incofincvso.be\/#organization\",\"name\":\"Incofin Microfinance Fund\",\"url\":\"https:\/\/incofincvso.be\/\",\"logo\":{\"@type\":\"ImageObject\",\"inLanguage\":\"fr-FR\",\"@id\":\"https:\/\/incofincvso.be\/#\/schema\/logo\/image\/\",\"url\":\"https:\/\/incofincvso.be\/wp-content\/uploads\/2017\/09\/logo-l.png\",\"contentUrl\":\"https:\/\/incofincvso.be\/wp-content\/uploads\/2017\/09\/logo-l.png\",\"width\":1138,\"height\":1017,\"caption\":\"Incofin Microfinance Fund\"},\"image\":{\"@id\":\"https:\/\/incofincvso.be\/#\/schema\/logo\/image\/\"},\"sameAs\":[\"https:\/\/www.facebook.com\/Incofin\/\",\"https:\/\/www.youtube.com\/channel\/UCCealVeFikPrvQL1ASLS_Kg\"]}]}<\/script>\n<!-- \/ Yoast SEO plugin. -->","yoast_head_json":{"title":"Investissez &#8226; Incofin Microfinance Fund","robots":{"index":"index","follow":"follow","max-snippet":"max-snippet:-1","max-image-preview":"max-image-preview:large","max-video-preview":"max-video-preview:-1"},"canonical":"https:\/\/incofincvso.be\/fr\/investissez\/","og_locale":"fr_FR","og_type":"article","og_title":"Investissez &#8226; Incofin Microfinance Fund","og_description":"Incofin Microfinance Fund est un fonds d&rsquo;investissement belge poss\u00e9dant une grande exp\u00e9rience au niveau international et qui travaille pour la bonne cause. Gr\u00e2ce \u00e0 nos \u00e9quipes d&rsquo;investissements sur place dans les pays, nous savons pr\u00e9cis\u00e9ment o\u00f9 va votre argent et \u00e0 quoi il sert. Nous vous informons r\u00e9guli\u00e8rement et, en plus de la satisfaction de prendre part \u00e0 une bonne [&hellip;]","og_url":"https:\/\/incofincvso.be\/fr\/investissez\/","og_site_name":"Incofin Microfinance Fund","article_publisher":"https:\/\/www.facebook.com\/Incofin\/","article_modified_time":"2025-08-08T12:53:44+00:00","twitter_card":"summary_large_image","twitter_misc":{"Dur\u00e9e de lecture estim\u00e9e":"1 minute"},"schema":{"@context":"https:\/\/schema.org","@graph":[{"@type":"WebPage","@id":"https:\/\/incofincvso.be\/fr\/investissez\/","url":"https:\/\/incofincvso.be\/fr\/investissez\/","name":"Investissez &#8226; Incofin Microfinance Fund","isPartOf":{"@id":"https:\/\/incofincvso.be\/#website"},"datePublished":"2017-08-02T09:21:35+00:00","dateModified":"2025-08-08T12:53:44+00:00","breadcrumb":{"@id":"https:\/\/incofincvso.be\/fr\/investissez\/#breadcrumb"},"inLanguage":"fr-FR","potentialAction":[{"@type":"ReadAction","target":["https:\/\/incofincvso.be\/fr\/investissez\/"]}]},{"@type":"BreadcrumbList","@id":"https:\/\/incofincvso.be\/fr\/investissez\/#breadcrumb","itemListElement":[{"@type":"ListItem","position":1,"name":"Home","item":"https:\/\/incofincvso.be\/fr\/"},{"@type":"ListItem","position":2,"name":"Investissez"}]},{"@type":"WebSite","@id":"https:\/\/incofincvso.be\/#website","url":"https:\/\/incofincvso.be\/","name":"Incofin Microfinance Fund","description":"Vooruitgang maken we samen waar","publisher":{"@id":"https:\/\/incofincvso.be\/#organization"},"potentialAction":[{"@type":"SearchAction","target":{"@type":"EntryPoint","urlTemplate":"https:\/\/incofincvso.be\/?s={search_term_string}"},"query-input":{"@type":"PropertyValueSpecification","valueRequired":true,"valueName":"search_term_string"}}],"inLanguage":"fr-FR"},{"@type":"Organization","@id":"https:\/\/incofincvso.be\/#organization","name":"Incofin Microfinance Fund","url":"https:\/\/incofincvso.be\/","logo":{"@type":"ImageObject","inLanguage":"fr-FR","@id":"https:\/\/incofincvso.be\/#\/schema\/logo\/image\/","url":"https:\/\/incofincvso.be\/wp-content\/uploads\/2017\/09\/logo-l.png","contentUrl":"https:\/\/incofincvso.be\/wp-content\/uploads\/2017\/09\/logo-l.png","width":1138,"height":1017,"caption":"Incofin Microfinance Fund"},"image":{"@id":"https:\/\/incofincvso.be\/#\/schema\/logo\/image\/"},"sameAs":["https:\/\/www.facebook.com\/Incofin\/","https:\/\/www.youtube.com\/channel\/UCCealVeFikPrvQL1ASLS_Kg"]}]}},"_links":{"self":[{"href":"https:\/\/incofincvso.be\/fr\/wp-json\/wp\/v2\/pages\/1038","targetHints":{"allow":["GET"]}}],"collection":[{"href":"https:\/\/incofincvso.be\/fr\/wp-json\/wp\/v2\/pages"}],"about":[{"href":"https:\/\/incofincvso.be\/fr\/wp-json\/wp\/v2\/types\/page"}],"author":[{"embeddable":true,"href":"https:\/\/incofincvso.be\/fr\/wp-json\/wp\/v2\/users\/1"}],"replies":[{"embeddable":true,"href":"https:\/\/incofincvso.be\/fr\/wp-json\/wp\/v2\/comments?post=1038"}],"version-history":[{"count":4,"href":"https:\/\/incofincvso.be\/fr\/wp-json\/wp\/v2\/pages\/1038\/revisions"}],"predecessor-version":[{"id":14045,"href":"https:\/\/incofincvso.be\/fr\/wp-json\/wp\/v2\/pages\/1038\/revisions\/14045"}],"wp:attachment":[{"href":"https:\/\/incofincvso.be\/fr\/wp-json\/wp\/v2\/media?parent=1038"}],"curies":[{"name":"wp","href":"https:\/\/api.w.org\/{rel}","templated":true}]}}