{"id":1029,"date":"2017-08-02T09:21:13","date_gmt":"2017-08-02T09:21:13","guid":{"rendered":"https:\/\/incofincvso.be\/home\/"},"modified":"2025-06-18T18:35:05","modified_gmt":"2025-06-18T14:35:05","slug":"home","status":"publish","type":"page","link":"https:\/\/incofincvso.be\/fr\/","title":{"rendered":"Home"},"content":{"rendered":"\t\t<div data-elementor-type=\"wp-page\" data-elementor-id=\"1029\" class=\"elementor elementor-1029 elementor-11\">\n\t\t\t\t\t\t<section class=\"elementor-section elementor-top-section elementor-element elementor-element-3e6d090a elementor-section-boxed elementor-section-height-default elementor-section-height-default\" data-id=\"3e6d090a\" data-element_type=\"section\">\n\t\t\t\t\t\t<div class=\"elementor-container elementor-column-gap-default\">\n\t\t\t\t\t<div class=\"elementor-column elementor-col-100 elementor-top-column elementor-element elementor-element-1c75941c\" data-id=\"1c75941c\" data-element_type=\"column\">\n\t\t\t<div class=\"elementor-widget-wrap elementor-element-populated\">\n\t\t\t\t\t\t<div class=\"elementor-element elementor-element-35648573 elementor-widget elementor-widget-text-editor\" data-id=\"35648573\" data-element_type=\"widget\" data-widget_type=\"text-editor.default\">\n\t\t\t\t<div class=\"elementor-widget-container\">\n\t\t\t\t\t\t\t\t\t<h3>Incofin Microfinance Fund, le drapeau qui couvre une charge merveilleuse<\/h3>\n<p>Vous n&rsquo;aimez pas les abr\u00e9viations vagues ? Nous non plus. Mais d\u00e9clarer partout \u00ab\u00a0soci\u00e9t\u00e9 coop\u00e9rative \u00e0 finalit\u00e9 sociale\u00a0\u00bb en toutes lettres prend trop de place que nous pr\u00e9f\u00e9rerions utiliser pour des choses plus int\u00e9ressantes. Gr\u00e2ce \u00e0 notre soci\u00e9t\u00e9 coop\u00e9rative \u00e0 finalit\u00e9 sociale &#8211; que nous appellerons d\u00e9sormais cvso &#8211; vous faites quelque chose de bien pour vous et pour les micro-entreprises des pays en d\u00e9veloppement.<\/p>\n<p>Dans le monde, plus de deux milliards d&rsquo;adultes n&rsquo;ont toujours pas ou peu acc\u00e8s aux services financiers. Nombre d&rsquo;entre eux font de nombreux projets pour am\u00e9liorer leur avenir par leurs propres moyens. Mais il est souvent impossible de cr\u00e9er ou de d\u00e9velopper une entreprise sans cr\u00e9dit. En outre, ces personnes veulent ou travaillent dans des conditions \u00e9conomiques, g\u00e9ographiques, sociales ou politiques moins \u00e9videntes&#8230; Pour obtenir un taux de r\u00e9ussite \u00e9lev\u00e9, il ne suffit donc pas d&#8217;emprunter un capital de d\u00e9marrage ou d&rsquo;expansion.<\/p>\n<p>Par l&rsquo;interm\u00e9diaire de nos 44 partenaires financiers locaux sur le terrain, nous soutenons \u00e9galement 3,8 millions de micro-entrepreneurs motiv\u00e9s par des conseils avis\u00e9s, une exp\u00e9rience pratique, des visites d&rsquo;entreprises, des formations, etc. De cette mani\u00e8re, nous apportons des conseils suppl\u00e9mentaires et de la confiance et nous garantissons les connaissances, l&rsquo;engagement et la responsabilit\u00e9 n\u00e9cessaires. Notre objectif est d&rsquo;atteindre et d&rsquo;aider le plus grand nombre possible de personnes \u00e0 faibles revenus et de garantir la durabilit\u00e9 des projets. C&rsquo;est pourquoi nous offrons \u00e0 nos partenaires financiers un soutien technique sur mesure en plus du financement.<\/p>\n\t\t\t\t\t\t\t\t<\/div>\n\t\t\t\t<\/div>\n\t\t\t\t\t<\/div>\n\t\t<\/div>\n\t\t\t\t\t<\/div>\n\t\t<\/section>\n\t\t\t\t<\/div>\n\t\t","protected":false},"excerpt":{"rendered":"<p>Incofin Microfinance Fund, le drapeau qui couvre une charge merveilleuse Vous n&rsquo;aimez pas les abr\u00e9viations vagues ? Nous non plus. Mais d\u00e9clarer partout \u00ab\u00a0soci\u00e9t\u00e9 coop\u00e9rative \u00e0 finalit\u00e9 sociale\u00a0\u00bb en toutes lettres prend trop de place que nous pr\u00e9f\u00e9rerions utiliser pour des choses plus int\u00e9ressantes. Gr\u00e2ce \u00e0 notre soci\u00e9t\u00e9 coop\u00e9rative \u00e0 finalit\u00e9 sociale &#8211; que nous appellerons d\u00e9sormais cvso &#8211; vous [&hellip;]<\/p>\n","protected":false},"author":1,"featured_media":0,"parent":0,"menu_order":84,"comment_status":"closed","ping_status":"closed","template":"","meta":{"_acf_changed":false,"footnotes":""},"class_list":["post-1029","page","type-page","status-publish","hentry"],"acf":[],"yoast_head":"<!-- This site is optimized with the Yoast SEO plugin v25.0 - https:\/\/yoast.com\/wordpress\/plugins\/seo\/ -->\n<title>Investir avec impact - C&#039;est possible \u00e0 partir de 130,20 euros - Incofin Microfinance Fund<\/title>\n<meta name=\"description\" content=\"En avoir pour son argent, financi\u00e8rement et socialement ? Investissez dans des entrepreneurs passionn\u00e9s et dans vous-m\u00eame. Vous pouvez le faire \u00e0 partir de 130,20 \u20ac.\" \/>\n<meta name=\"robots\" content=\"index, follow, max-snippet:-1, max-image-preview:large, max-video-preview:-1\" \/>\n<link rel=\"canonical\" href=\"https:\/\/incofincvso.be\/fr\/\" \/>\n<meta property=\"og:locale\" content=\"fr_FR\" \/>\n<meta property=\"og:type\" content=\"article\" \/>\n<meta property=\"og:title\" content=\"Investir avec impact - C&#039;est possible \u00e0 partir de 130,20 euros - Incofin Microfinance Fund\" \/>\n<meta property=\"og:description\" content=\"En avoir pour son argent, financi\u00e8rement et socialement ? Investissez dans des entrepreneurs passionn\u00e9s et dans vous-m\u00eame. Vous pouvez le faire \u00e0 partir de 130,20 \u20ac.\" \/>\n<meta property=\"og:url\" content=\"https:\/\/incofincvso.be\/fr\/\" \/>\n<meta property=\"og:site_name\" content=\"Incofin Microfinance Fund\" \/>\n<meta property=\"article:publisher\" content=\"https:\/\/www.facebook.com\/Incofin\/\" \/>\n<meta property=\"article:modified_time\" content=\"2025-06-18T14:35:05+00:00\" \/>\n<meta name=\"twitter:card\" content=\"summary_large_image\" \/>\n<meta name=\"twitter:label1\" content=\"Dur\u00e9e de lecture estim\u00e9e\" \/>\n\t<meta name=\"twitter:data1\" content=\"2 minutes\" \/>\n<script type=\"application\/ld+json\" class=\"yoast-schema-graph\">{\"@context\":\"https:\/\/schema.org\",\"@graph\":[{\"@type\":\"WebPage\",\"@id\":\"https:\/\/incofincvso.be\/fr\/\",\"url\":\"https:\/\/incofincvso.be\/fr\/\",\"name\":\"Investir avec impact - C'est possible \u00e0 partir de 130,20 euros - Incofin Microfinance Fund\",\"isPartOf\":{\"@id\":\"https:\/\/incofincvso.be\/#website\"},\"datePublished\":\"2017-08-02T09:21:13+00:00\",\"dateModified\":\"2025-06-18T14:35:05+00:00\",\"description\":\"En avoir pour son argent, financi\u00e8rement et socialement ? Investissez dans des entrepreneurs passionn\u00e9s et dans vous-m\u00eame. Vous pouvez le faire \u00e0 partir de 130,20 \u20ac.\",\"breadcrumb\":{\"@id\":\"https:\/\/incofincvso.be\/fr\/#breadcrumb\"},\"inLanguage\":\"fr-FR\",\"potentialAction\":[{\"@type\":\"ReadAction\",\"target\":[\"https:\/\/incofincvso.be\/fr\/\"]}]},{\"@type\":\"BreadcrumbList\",\"@id\":\"https:\/\/incofincvso.be\/fr\/#breadcrumb\",\"itemListElement\":[{\"@type\":\"ListItem\",\"position\":1,\"name\":\"Home\",\"item\":\"https:\/\/incofincvso.be\/fr\/\"},{\"@type\":\"ListItem\",\"position\":2,\"name\":\"Home\"}]},{\"@type\":\"WebSite\",\"@id\":\"https:\/\/incofincvso.be\/#website\",\"url\":\"https:\/\/incofincvso.be\/\",\"name\":\"Incofin Microfinance Fund\",\"description\":\"Vooruitgang maken we samen waar\",\"publisher\":{\"@id\":\"https:\/\/incofincvso.be\/#organization\"},\"potentialAction\":[{\"@type\":\"SearchAction\",\"target\":{\"@type\":\"EntryPoint\",\"urlTemplate\":\"https:\/\/incofincvso.be\/?s={search_term_string}\"},\"query-input\":{\"@type\":\"PropertyValueSpecification\",\"valueRequired\":true,\"valueName\":\"search_term_string\"}}],\"inLanguage\":\"fr-FR\"},{\"@type\":\"Organization\",\"@id\":\"https:\/\/incofincvso.be\/#organization\",\"name\":\"Incofin Microfinance Fund\",\"url\":\"https:\/\/incofincvso.be\/\",\"logo\":{\"@type\":\"ImageObject\",\"inLanguage\":\"fr-FR\",\"@id\":\"https:\/\/incofincvso.be\/#\/schema\/logo\/image\/\",\"url\":\"https:\/\/incofincvso.be\/wp-content\/uploads\/2017\/09\/logo-l.png\",\"contentUrl\":\"https:\/\/incofincvso.be\/wp-content\/uploads\/2017\/09\/logo-l.png\",\"width\":1138,\"height\":1017,\"caption\":\"Incofin Microfinance Fund\"},\"image\":{\"@id\":\"https:\/\/incofincvso.be\/#\/schema\/logo\/image\/\"},\"sameAs\":[\"https:\/\/www.facebook.com\/Incofin\/\",\"https:\/\/www.youtube.com\/channel\/UCCealVeFikPrvQL1ASLS_Kg\"]}]}<\/script>\n<!-- \/ Yoast SEO plugin. -->","yoast_head_json":{"title":"Investir avec impact - C'est possible \u00e0 partir de 130,20 euros - Incofin Microfinance Fund","description":"En avoir pour son argent, financi\u00e8rement et socialement ? Investissez dans des entrepreneurs passionn\u00e9s et dans vous-m\u00eame. Vous pouvez le faire \u00e0 partir de 130,20 \u20ac.","robots":{"index":"index","follow":"follow","max-snippet":"max-snippet:-1","max-image-preview":"max-image-preview:large","max-video-preview":"max-video-preview:-1"},"canonical":"https:\/\/incofincvso.be\/fr\/","og_locale":"fr_FR","og_type":"article","og_title":"Investir avec impact - C'est possible \u00e0 partir de 130,20 euros - Incofin Microfinance Fund","og_description":"En avoir pour son argent, financi\u00e8rement et socialement ? Investissez dans des entrepreneurs passionn\u00e9s et dans vous-m\u00eame. Vous pouvez le faire \u00e0 partir de 130,20 \u20ac.","og_url":"https:\/\/incofincvso.be\/fr\/","og_site_name":"Incofin Microfinance Fund","article_publisher":"https:\/\/www.facebook.com\/Incofin\/","article_modified_time":"2025-06-18T14:35:05+00:00","twitter_card":"summary_large_image","twitter_misc":{"Dur\u00e9e de lecture estim\u00e9e":"2 minutes"},"schema":{"@context":"https:\/\/schema.org","@graph":[{"@type":"WebPage","@id":"https:\/\/incofincvso.be\/fr\/","url":"https:\/\/incofincvso.be\/fr\/","name":"Investir avec impact - C'est possible \u00e0 partir de 130,20 euros - Incofin Microfinance Fund","isPartOf":{"@id":"https:\/\/incofincvso.be\/#website"},"datePublished":"2017-08-02T09:21:13+00:00","dateModified":"2025-06-18T14:35:05+00:00","description":"En avoir pour son argent, financi\u00e8rement et socialement ? Investissez dans des entrepreneurs passionn\u00e9s et dans vous-m\u00eame. Vous pouvez le faire \u00e0 partir de 130,20 \u20ac.","breadcrumb":{"@id":"https:\/\/incofincvso.be\/fr\/#breadcrumb"},"inLanguage":"fr-FR","potentialAction":[{"@type":"ReadAction","target":["https:\/\/incofincvso.be\/fr\/"]}]},{"@type":"BreadcrumbList","@id":"https:\/\/incofincvso.be\/fr\/#breadcrumb","itemListElement":[{"@type":"ListItem","position":1,"name":"Home","item":"https:\/\/incofincvso.be\/fr\/"},{"@type":"ListItem","position":2,"name":"Home"}]},{"@type":"WebSite","@id":"https:\/\/incofincvso.be\/#website","url":"https:\/\/incofincvso.be\/","name":"Incofin Microfinance Fund","description":"Vooruitgang maken we samen waar","publisher":{"@id":"https:\/\/incofincvso.be\/#organization"},"potentialAction":[{"@type":"SearchAction","target":{"@type":"EntryPoint","urlTemplate":"https:\/\/incofincvso.be\/?s={search_term_string}"},"query-input":{"@type":"PropertyValueSpecification","valueRequired":true,"valueName":"search_term_string"}}],"inLanguage":"fr-FR"},{"@type":"Organization","@id":"https:\/\/incofincvso.be\/#organization","name":"Incofin Microfinance Fund","url":"https:\/\/incofincvso.be\/","logo":{"@type":"ImageObject","inLanguage":"fr-FR","@id":"https:\/\/incofincvso.be\/#\/schema\/logo\/image\/","url":"https:\/\/incofincvso.be\/wp-content\/uploads\/2017\/09\/logo-l.png","contentUrl":"https:\/\/incofincvso.be\/wp-content\/uploads\/2017\/09\/logo-l.png","width":1138,"height":1017,"caption":"Incofin Microfinance Fund"},"image":{"@id":"https:\/\/incofincvso.be\/#\/schema\/logo\/image\/"},"sameAs":["https:\/\/www.facebook.com\/Incofin\/","https:\/\/www.youtube.com\/channel\/UCCealVeFikPrvQL1ASLS_Kg"]}]}},"_links":{"self":[{"href":"https:\/\/incofincvso.be\/fr\/wp-json\/wp\/v2\/pages\/1029","targetHints":{"allow":["GET"]}}],"collection":[{"href":"https:\/\/incofincvso.be\/fr\/wp-json\/wp\/v2\/pages"}],"about":[{"href":"https:\/\/incofincvso.be\/fr\/wp-json\/wp\/v2\/types\/page"}],"author":[{"embeddable":true,"href":"https:\/\/incofincvso.be\/fr\/wp-json\/wp\/v2\/users\/1"}],"replies":[{"embeddable":true,"href":"https:\/\/incofincvso.be\/fr\/wp-json\/wp\/v2\/comments?post=1029"}],"version-history":[{"count":7,"href":"https:\/\/incofincvso.be\/fr\/wp-json\/wp\/v2\/pages\/1029\/revisions"}],"predecessor-version":[{"id":13959,"href":"https:\/\/incofincvso.be\/fr\/wp-json\/wp\/v2\/pages\/1029\/revisions\/13959"}],"wp:attachment":[{"href":"https:\/\/incofincvso.be\/fr\/wp-json\/wp\/v2\/media?parent=1029"}],"curies":[{"name":"wp","href":"https:\/\/api.w.org\/{rel}","templated":true}]}}