{"id":1025,"date":"2017-08-02T10:15:42","date_gmt":"2017-08-02T10:15:42","guid":{"rendered":"https:\/\/incofincvso.be\/info-en-voorwaarden\/"},"modified":"2026-03-25T17:27:44","modified_gmt":"2026-03-25T13:27:44","slug":"infos-et-conditions","status":"publish","type":"page","link":"https:\/\/incofincvso.be\/fr\/infos-et-conditions\/","title":{"rendered":"Infos et conditions"},"content":{"rendered":"<h3>1. Soci\u00e9t\u00e9 coop\u00e9rative<\/h3>\n<p>Vous investissez dans une part sociale \u00e9mise par une soci\u00e9t\u00e9 coop\u00e9rative \u00e0 finalit\u00e9 sociale. Vous pouvez choisir de souscrire \u00e0 des parts enti\u00e8res d\u2019une valeur nominale de 2604 EUR ou \u00e0 des vingti\u00e8mes (1\/20) de parts sociales d&rsquo;une valeur nominale de 130,20 EUR, ou d&rsquo;une combinaison des deux. Ces parts ne sont pas n\u00e9gociables et ne peuvent \u00eatre c\u00e9d\u00e9es, sauf moyennant l\u2019accord pr\u00e9alable du conseil d\u2019administration.<\/p>\n<p>Une soci\u00e9t\u00e9 coop\u00e9rative est une soci\u00e9t\u00e9 compos\u00e9e d\u2019un nombre variable d\u2019associ\u00e9s (sur le pr\u00e9sent site web, nous utilisons \u00e9galement le terme \u2018investisseur\u2019 ou \u2018actionnaire\u2019), dont les apports sont variables. L\u2019associ\u00e9 qui souhaite quitter la soci\u00e9t\u00e9 en a en principe toujours la possibilit\u00e9 pendat les six premiers mois de l&rsquo;ann\u00e9e. Le conseil d\u2019administration ne peut le refuser ou suspendre que dans un certain nombre de cas d\u00e9finis statutairement.<\/p>\n<h3>2. Frais<\/h3>\n<p>Vous ne payez ni frais d\u2019entr\u00e9e, ni frais de sortie, ni commission de gestion.<\/p>\n<h3>3. Dividende<\/h3>\n<p>Le dividende ou la participation aux b\u00e9n\u00e9fices est la r\u00e9mun\u00e9ration financi\u00e8re annuelle de votre investissement au sein d\u2019Incofin Microfinance Fund. Chaque actionnaire y a droit. L\u2019Assembl\u00e9e g\u00e9n\u00e9rale des actionnaires d\u00e9cide chaque ann\u00e9e en fonction des r\u00e9sultats sur la distribution d&rsquo;un dividende. Le dividende pour les parts sociales acquises durant l\u2019exercice pr\u00e9c\u00e9dent est calcul\u00e9 sur une base de prorata temporis mensuel. Cela signifie que si vous avez souscrit plus t\u00f4t dans l&rsquo;ann\u00e9e \u00e0 de nouvelles parts, votre avantage sera plus important au cas o\u00f9 un dividende soit distribu\u00e9. Le rendement du pass\u00e9 n\u2019est pas garanti pour l\u2019avenir.<\/p>\n<p>Incofin Microfinance Fund ne vise pas \u00e0 r\u00e9aliser un dividende maximum, mais plut\u00f4t un dividende raisonnable. Notre premier objectif est que nos investissements aient un impact social important. En r\u00e9investissant les b\u00e9n\u00e9fices que nous ne distribuons pas, nous continuons \u00e0 agrandir notre portefeuille d\u2019investissements afin d&rsquo;atteindre plus de petits entrepreneurs.<\/p>\n<p>De par sa finalit\u00e9 sociale, Incofin Microfinance Fund n\u00b4a pas pour but de r\u00e9aliser des profits excessifs. N\u00e9anmoins, Incofin Microfinance Fund souhaite d\u00e9ployer ses activit\u00e9s financi\u00e8res selon une logique d\u2019\u00e9conomie d\u2019entreprise saine. Nous sommes convaincus que c\u00b4est la meilleure mani\u00e8re de contribuer au d\u00e9veloppement d\u00b4un r\u00e9seau financier dans le Sud.<\/p>\n<h3>4. Fiscalit\u00e9 \u2013 Pr\u00e9compte mobilier<\/h3>\n<p><strong>Exemption de retenue \u00e0 la source<\/strong><\/p>\n<p>Pour l&rsquo;an 2024 la premi\u00e8re tranche de 833 euros de dividendes par assujetti fiscal est exon\u00e9r\u00e9e de pr\u00e9compte mobilier. Cette exon\u00e9ration s\u2019applique \u00e0 tous les dividendes, tant d\u2019entreprises belges qu\u2019\u00e9trang\u00e8res. Toutefois, l\u2019exon\u00e9ration ne s\u2019applique pas aux dividendes de fonds de placement et de constructions juridiques. Par contre, l\u2019exon\u00e9ration est valable pour les soci\u00e9t\u00e9s coop\u00e9ratives agr\u00e9\u00e9es telles qu\u2019Incofin Microfinance Fund.<\/p>\n<div style=\"text-align: left;\"><span title=\"\">Incofin pr\u00e9l\u00e8ve l&rsquo;imp\u00f4t \u00e0 la source sur le montant total des dividendes, sans tenir compte de l&rsquo;exon\u00e9ration de 833 euros (de revenu pour l&rsquo;ann\u00e9e 2024 = dividende pour 2023). En tant qu&rsquo;investisseur, vous devez demander vous-m\u00eame l&rsquo;exon\u00e9ration dans la d\u00e9claration de revenus<\/span><span title=\"\">.<\/span>\u00a0Non p<span title=\"\">as en indiquant le montant de l&rsquo;exon\u00e9ration (833 euros en 2024), mais en calculant l&rsquo;imp\u00f4t \u00e0 la source sur le montant exon\u00e9r\u00e9 de vos dividendes et en d\u00e9clarant cet imp\u00f4t \u00e0 la source dans la nouvelle section pr\u00e9vue \u00e0 cet effet dans la d\u00e9claration de revenus.<\/span><\/div>\n<div><\/div>\n<div><\/div>\n<p>La exon\u00e9ration de 833 euros (2024) (dividende pour 2023) est valable uniquement pour les personnes physiques (r\u00e9sidents belges et non-r\u00e9sidents \u00e9trangers). L\u2019exon\u00e9ration n\u2019est pas valable pour les soci\u00e9t\u00e9s et\/ou les personnes morales assujetties \u00e0 l\u2019imp\u00f4t des personnes morales. Les non-r\u00e9sidents tenus d\u2019introduire une d\u00e9claration parce qu\u2019ils ont d\u2019autres revenus belges, devront effectuer leur demande de remboursement par le biais de cette d\u00e9claration.<\/p>\n<p>Les actionnaires sont libres de choisir les dividendes pour lesquels ils d\u00e9sirent demander le remboursement du pr\u00e9compte mobilier. Normalement, les dividendes sont soumis \u00e0 un pr\u00e9compte mobilier de 30% mais d\u2019autres tarifs peuvent s\u2019appliquer. L\u2019actionnaire a donc la libert\u00e9 de d\u00e9terminer et d\u2019optimiser son panier de dividendes.<\/p>\n<p><strong>Pr\u00e9compte mobilier r\u00e9duit<\/strong><\/p>\n<p>Depuis le 1 janvier 2017, le versement de dividendes est soumis \u00e0 un tarif uniforme de 30\u00a0% de pr\u00e9compte mobilier. Il est toutefois possible de b\u00e9n\u00e9ficier d\u2019un pr\u00e9compte mobilier r\u00e9duit de 20 ou 15\u00a0% pour les dividendes moyennant certaines conditions ains qu\u00b4expliqu\u00e9es ci-apr\u00e8s\u00a0:<\/p>\n<p>\u2013 il s\u2019agit d\u2019actions\/parts \u00e9mises par une soci\u00e9t\u00e9 de type PME (ce qui est le cas d\u2019Incofin Microfinance Fund \u00e0 ce jour). Cette condition s\u2019applique uniquement \u00e0 l\u2019exercice au cours duquel l\u2019apport en capital a eu lieu. La condition reste donc satisfaite au cas o\u00f9, lors d\u2019un exercice ult\u00e9rieur, Incofin Microfinance Fund ne remplit plus ces crit\u00e8res.<\/p>\n<p>\u2013 les actions\/parts sont int\u00e9gralement lib\u00e9r\u00e9es.<\/p>\n<p>\u2013 les actionnaires d\u00e9tiennent la pleine propri\u00e9t\u00e9 des actions\/parts de fa\u00e7on ininterrompue. L\u2019avantage est perdu en cas de transfert de la propri\u00e9t\u00e9, sauf dans les cas suivants :<\/p>\n<ul>\n<li>la transmission en ligne directe ou entre \u00e9poux par voie de succession ou par voie de donation en pleine propri\u00e9t\u00e9 ;<\/li>\n<li>une division de la pleine propri\u00e9t\u00e9 en nue-propri\u00e9t\u00e9 et en usufruit en faveur des h\u00e9ritiers et du conjoint survivant suite \u00e0 un h\u00e9ritage, \u00e0 un legs ou \u00e0 un partage avec les ascendants ne portant pas atteinte \u00e0 l\u2019usufruit du conjoint survivant\u00a0;<\/li>\n<li>les cessions r\u00e9sultant d\u00b4un fusion, scission ou op\u00e9rations assimil\u00e9es effectu\u00e9es de mani\u00e8re fiscalement neutre.<\/li>\n<\/ul>\n<p>Le pr\u00e9compte mobilier ordinaire de 30\u00a0% reste d\u00b4application aux dividendes distribu\u00e9s ou accord\u00e9s avant la distribution du b\u00e9n\u00e9fice de la deuxi\u00e8me ann\u00e9e comptable suivant celle de l\u2019apport. Ce n\u2019est qu\u2019apr\u00e8s que le taux du pr\u00e9compte mobilier est diminu\u00e9 \u00e0 :<\/p>\n<ul>\n<li>20 % pour les dividendes distribu\u00e9s ou accord\u00e9s au moment de la distribution du b\u00e9n\u00e9fice de la deuxi\u00e8me ann\u00e9e comptable suivant celle de l\u2019apport ; et \u00e0<\/li>\n<li>15% pour les dividendes distribu\u00e9es ou accord\u00e9s au moment de la distribution du b\u00e9n\u00e9fice de la troisi\u00e8me ann\u00e9e comptable suivant celle de l\u2019apport, ainsi que lors des distributions de b\u00e9n\u00e9fice ult\u00e9rieures.<\/li>\n<\/ul>\n<p>En cas de r\u00e9duction de capital (vente d\u2019actions \u00e0 Incofin) r\u00e9alis\u00e9e \u00e0 partir du 1<sup>er<\/sup> mai 2013, le tarif r\u00e9duit n\u2019est d\u2019application que sur les apports sup\u00e9rieurs \u00e0 la r\u00e9duction, ceci afin d\u2019\u00e9viter tout abus. Exemple : le 12 mai 2013 une r\u00e9duction de capital de 2.604 euros et le 26 juillet 2013 une augmentation de capital de 7.812 euros.\u00a0Dans ce cas, le tarif r\u00e9duit est uniquement d\u2019application sur 5.208 euros.<\/p>\n<p>Les r\u00e9ductions \u00e9ventuelles de capital r\u00e9alis\u00e9es apr\u00e8s l\u2019apport seront d\u2019abord d\u00e9duites du capital qui b\u00e9n\u00e9ficie du tarif r\u00e9duit.<\/p>\n<h3>5. Fiscalit\u00e9 \u2013 R\u00e9duction d\u2019imp\u00f4t<\/h3>\n<p>Le 11 d\u00e9cembre 2025, la \u00ab\u00a0loi portant des dispositions diverses\u00a0\u00bb a \u00e9t\u00e9 d\u00e9finitivement approuv\u00e9e par la Chambre des repr\u00e9sentants. <strong>Cette loi supprime la r\u00e9duction d\u2019imp\u00f4t de 5 % sur le montant investi dans des actions du Incofin Microfinance Fund, et ce \u00e0 partir de l\u2019exercice d\u2019imposition 2026.<\/strong> Cela signifie que pour les actions auxquelles vous avez souscrit \u00e0 partir du 1er janvier 2025 (c\u2019est-\u00e0-dire l\u2019ann\u00e9e de revenus 2025), vous ne pourrez plus b\u00e9n\u00e9ficier de l\u2019avantage fiscal pr\u00e9cit\u00e9 lors de l\u2019introduction de votre d\u00e9claration fiscale en 2026 (exercice d\u2019imposition 2026).<\/p>\n<p><span data-contrast=\"auto\">ATTENTION<\/span><b><span data-contrast=\"auto\">\u00a0:<\/span><\/b><span data-ccp-props=\"{&quot;134233117&quot;:false,&quot;134233118&quot;:false,&quot;335551550&quot;:0,&quot;335551620&quot;:0,&quot;335559738&quot;:0,&quot;335559739&quot;:0}\">\u00a0<\/span><\/p>\n<ul>\n<li data-leveltext=\"\uf0b7\" data-font=\"Symbol\" data-listid=\"2\" data-list-defn-props=\"{&quot;335552541&quot;:1,&quot;335559683&quot;:0,&quot;335559684&quot;:-2,&quot;335559685&quot;:720,&quot;335559991&quot;:360,&quot;469769226&quot;:&quot;Symbol&quot;,&quot;469769242&quot;:[8226],&quot;469777803&quot;:&quot;left&quot;,&quot;469777804&quot;:&quot;\uf0b7&quot;,&quot;469777815&quot;:&quot;hybridMultilevel&quot;}\" aria-setsize=\"-1\" data-aria-posinset=\"1\" data-aria-level=\"1\"><span data-contrast=\"auto\">Cette situation ne s\u2019applique qu\u2019aux actions achet\u00e9es \u00e0 partir du 1er janvier 2025.\u00a0<\/span><b><span data-contrast=\"auto\">Pour les actions achet\u00e9es jusqu\u2019au 31 d\u00e9cembre 2024, et \u00e0 condition que vous remplissiez toutes les conditions (voir ci-dessous),, vous pouvez encore b\u00e9n\u00e9ficier de la r\u00e9duction d\u2019imp\u00f4t lors de leur d\u00e9claration dans votre d\u00e9claration fiscale de 2025.<\/span><\/b><span data-ccp-props=\"{&quot;134233117&quot;:false,&quot;134233118&quot;:false,&quot;335551550&quot;:0,&quot;335551620&quot;:0,&quot;335559738&quot;:0,&quot;335559739&quot;:0}\">\u00a0<\/span><\/li>\n<\/ul>\n<p><strong>Conditions pour 2024<\/strong><\/p>\n<p>\u00c0 noter : ces informations s\u2019appliquent uniquement aux achats effectu\u00e9s avant le 1er janvier 2025.<\/p>\n<p>Vous versez en 2024 minimum 520.80 euros (= 4 x 1\/20 de part Incofin Microfinance Fund de 130,20 euros). Vous d\u00e9passez ainsi le minimum l\u00e9gal de 410 euros. Ce minimum est un montant index\u00e9; il peut donc \u00eatre relev\u00e9 ou diminu\u00e9 au cours des ann\u00e9es \u00e0 venir ;<\/p>\n<ul>\n<li>Vous conservez les parts sociales pendant minimum 5 ans (60 mois) de mani\u00e8re ininterrompue (sauf cas de d\u00e9c\u00e8s) ;<\/li>\n<li>Vous \u00eates une personne physique ;<\/li>\n<li>Vous habitez en Belgique ;<\/li>\n<li>Vous joignez \u00e0 votre d\u00e9claration fiscale l\u2019attestation que vous recevez chaque ann\u00e9e d\u2019Incofin Microfinance Fund (avant le 31 mars de l\u2019exercice d\u2019imposition).<\/li>\n<\/ul>\n<p><strong>\u00c0 combien s\u2019\u00e9l\u00e8ve la r\u00e9duction d\u2019imp\u00f4t pour 2024 ?<\/strong><\/p>\n<div>\u00c0 noter : ces informations s\u2019appliquent uniquement aux achats effectu\u00e9s avant le 1er janvier 2025.<\/div>\n<p>La r\u00e9duction d\u2019imp\u00f4t correspond \u00e0 5 % du montant investi. L\u2019avantage fiscal maximum dont vous pouvez b\u00e9n\u00e9ficier s\u2019\u00e9l\u00e8ve \u00e0 340 euros <span title=\"\">de revenu pour l&rsquo;ann\u00e9e 2024<\/span> L\u2019optimisation fiscale signifie alors un achat \u00e0 hauteur de 6.900,60 euros de parts sociales Incofin Microfinance Fund (= 53 x 1\/20 de part Incofin Microfinance Fund de 130,20 euros par example). Cet investissement vous donne droit \u00e0 une r\u00e9duction d\u2019imp\u00f4t de 340 euros.<\/p>\n<p>Le montant maximum de 340 euros peut \u00e9galement \u00eatre scind\u00e9 et r\u00e9parti sur l\u2019achat de diff\u00e9rentes parts durant la m\u00eame ann\u00e9e.<\/p>\n<p><strong>Comment cela fonctionne-t-il ?<\/strong><\/p>\n<div>\u00c0 noter : ces informations s\u2019appliquent uniquement aux achats effectu\u00e9s avant le 1er janvier 2025.<\/div>\n<p><em>Vous achetez des parts cette ann\u00e9e\u00a0?<\/em> Cela vous donne droit l\u2019ann\u00e9e suivante \u00e0 une r\u00e9duction d\u2019imp\u00f4t de 5 % avec un maximum de 340 euros pour l\u2019ann\u00e9e\u00a0 2024 (ann\u00e9e d&rsquo;imposition 2025).<\/p>\n<p><em>Des conjoints peuvent-ils \u00e9galement b\u00e9n\u00e9ficier de la r\u00e9duction d\u2019imp\u00f4t\u00a0?<\/em> Oui, les conjoints peuvent \u00e9galement b\u00e9n\u00e9ficier de la r\u00e9duction compl\u00e8te si les parts sociales ont \u00e9t\u00e9 \u00e9mises \u00e0 leur nom personnel.<\/p>\n<p><em>Que se passe-t-il si vous ne conservez pas vos parts sociales pendant 5\u00a0ans\u00a0?<\/em> Si vous ne conservez pas vos parts sociales pendant 5 ans (60 mois), une majoration d\u2019imp\u00f4t intervient en compensation. Celle-ci est r\u00e9percut\u00e9e sur les imp\u00f4ts de l\u2019ann\u00e9e lors de laquelle vous proc\u00e9dez \u00e0 l\u2019achat. Le calcul s\u2019effectue comme suit : 1\/60 de la r\u00e9duction d\u2019imp\u00f4t obtenue multipli\u00e9 par le nombre de mois complets restant avant la fin de la p\u00e9riode de 5 ans.<\/p>\n<p>En cas de d\u00e9c\u00e8s (y compris pendant la p\u00e9riode de 5 ann\u00e9es), la r\u00e9duction d\u2019imp\u00f4t obtenue est toutefois maintenue.<\/p>\n<p><strong>Quelle case de ma d\u00e9claration d\u2019imp\u00f4ts dois-je remplir pour b\u00e9n\u00e9ficier de la r\u00e9duction\u00a0?<\/strong><\/p>\n<div>\u00c0 noter : ces informations s\u2019appliquent uniquement aux achats effectu\u00e9s avant le 1er janvier 2025.<\/div>\n<p>La r\u00e9duction d\u2019imp\u00f4t sur les investissements dans des Fonds de d\u00e9veloppement agr\u00e9\u00e9s est reprise en case X, lettre N, code 1323(-35) ou 2323(-35).<\/p>\n<h3>6. Principaux risques<\/h3>\n<p>L\u2019investissement en actions\/parts sociales comporte des risques. En tant qu\u00b4investisseur, vous risquez de perdre tout ou partie du capital investi. Veuillez lire au pr\u00e9alable <a href=\"https:\/\/incofincvso.be\/wp-content\/uploads\/2025\/07\/Incofin-Microfinance-Fund-informatienota-2025-FR-incl.-annexes.pdf\">Lisez pr\u00e9alablement la note d&rsquo;information en portant une attention particuli\u00e8re aux facteurs de risque.<\/a><\/p>\n","protected":false},"excerpt":{"rendered":"<p>1. Soci\u00e9t\u00e9 coop\u00e9rative Vous investissez dans une part sociale \u00e9mise par une soci\u00e9t\u00e9 coop\u00e9rative \u00e0 finalit\u00e9 sociale. Vous pouvez choisir de souscrire \u00e0 des parts enti\u00e8res d\u2019une valeur nominale de 2604 EUR ou \u00e0 des vingti\u00e8mes (1\/20) de parts sociales d&rsquo;une valeur nominale de 130,20 EUR, ou d&rsquo;une combinaison des deux. Ces parts ne sont pas n\u00e9gociables et ne peuvent [&hellip;]<\/p>\n","protected":false},"author":1,"featured_media":0,"parent":0,"menu_order":69,"comment_status":"closed","ping_status":"closed","template":"page-info-en-voorwaarden.php","meta":{"_acf_changed":false,"footnotes":""},"class_list":["post-1025","page","type-page","status-publish","hentry"],"acf":[],"yoast_head":"<!-- This site is optimized with the Yoast SEO plugin v25.0 - https:\/\/yoast.com\/wordpress\/plugins\/seo\/ -->\n<title>Infos et conditions &#8226; Incofin Microfinance Fund<\/title>\n<meta name=\"robots\" content=\"index, follow, max-snippet:-1, max-image-preview:large, max-video-preview:-1\" \/>\n<link rel=\"canonical\" href=\"https:\/\/incofincvso.be\/fr\/infos-et-conditions\/\" \/>\n<meta property=\"og:locale\" content=\"fr_FR\" \/>\n<meta property=\"og:type\" content=\"article\" \/>\n<meta property=\"og:title\" content=\"Infos et conditions &#8226; Incofin Microfinance Fund\" \/>\n<meta property=\"og:description\" content=\"1. Soci\u00e9t\u00e9 coop\u00e9rative Vous investissez dans une part sociale \u00e9mise par une soci\u00e9t\u00e9 coop\u00e9rative \u00e0 finalit\u00e9 sociale. Vous pouvez choisir de souscrire \u00e0 des parts enti\u00e8res d\u2019une valeur nominale de 2604 EUR ou \u00e0 des vingti\u00e8mes (1\/20) de parts sociales d&rsquo;une valeur nominale de 130,20 EUR, ou d&rsquo;une combinaison des deux. Ces parts ne sont pas n\u00e9gociables et ne peuvent [&hellip;]\" \/>\n<meta property=\"og:url\" content=\"https:\/\/incofincvso.be\/fr\/infos-et-conditions\/\" \/>\n<meta property=\"og:site_name\" content=\"Incofin Microfinance Fund\" \/>\n<meta property=\"article:publisher\" content=\"https:\/\/www.facebook.com\/Incofin\/\" \/>\n<meta property=\"article:modified_time\" content=\"2026-03-25T13:27:44+00:00\" \/>\n<meta name=\"twitter:card\" content=\"summary_large_image\" \/>\n<meta name=\"twitter:label1\" content=\"Dur\u00e9e de lecture estim\u00e9e\" \/>\n\t<meta name=\"twitter:data1\" content=\"9 minutes\" \/>\n<script type=\"application\/ld+json\" class=\"yoast-schema-graph\">{\"@context\":\"https:\/\/schema.org\",\"@graph\":[{\"@type\":\"WebPage\",\"@id\":\"https:\/\/incofincvso.be\/fr\/infos-et-conditions\/\",\"url\":\"https:\/\/incofincvso.be\/fr\/infos-et-conditions\/\",\"name\":\"Infos et conditions &#8226; Incofin Microfinance Fund\",\"isPartOf\":{\"@id\":\"https:\/\/incofincvso.be\/#website\"},\"datePublished\":\"2017-08-02T10:15:42+00:00\",\"dateModified\":\"2026-03-25T13:27:44+00:00\",\"breadcrumb\":{\"@id\":\"https:\/\/incofincvso.be\/fr\/infos-et-conditions\/#breadcrumb\"},\"inLanguage\":\"fr-FR\",\"potentialAction\":[{\"@type\":\"ReadAction\",\"target\":[\"https:\/\/incofincvso.be\/fr\/infos-et-conditions\/\"]}]},{\"@type\":\"BreadcrumbList\",\"@id\":\"https:\/\/incofincvso.be\/fr\/infos-et-conditions\/#breadcrumb\",\"itemListElement\":[{\"@type\":\"ListItem\",\"position\":1,\"name\":\"Home\",\"item\":\"https:\/\/incofincvso.be\/fr\/\"},{\"@type\":\"ListItem\",\"position\":2,\"name\":\"Infos et conditions\"}]},{\"@type\":\"WebSite\",\"@id\":\"https:\/\/incofincvso.be\/#website\",\"url\":\"https:\/\/incofincvso.be\/\",\"name\":\"Incofin Microfinance Fund\",\"description\":\"Vooruitgang maken we samen waar\",\"publisher\":{\"@id\":\"https:\/\/incofincvso.be\/#organization\"},\"potentialAction\":[{\"@type\":\"SearchAction\",\"target\":{\"@type\":\"EntryPoint\",\"urlTemplate\":\"https:\/\/incofincvso.be\/?s={search_term_string}\"},\"query-input\":{\"@type\":\"PropertyValueSpecification\",\"valueRequired\":true,\"valueName\":\"search_term_string\"}}],\"inLanguage\":\"fr-FR\"},{\"@type\":\"Organization\",\"@id\":\"https:\/\/incofincvso.be\/#organization\",\"name\":\"Incofin Microfinance Fund\",\"url\":\"https:\/\/incofincvso.be\/\",\"logo\":{\"@type\":\"ImageObject\",\"inLanguage\":\"fr-FR\",\"@id\":\"https:\/\/incofincvso.be\/#\/schema\/logo\/image\/\",\"url\":\"https:\/\/incofincvso.be\/wp-content\/uploads\/2017\/09\/logo-l.png\",\"contentUrl\":\"https:\/\/incofincvso.be\/wp-content\/uploads\/2017\/09\/logo-l.png\",\"width\":1138,\"height\":1017,\"caption\":\"Incofin Microfinance Fund\"},\"image\":{\"@id\":\"https:\/\/incofincvso.be\/#\/schema\/logo\/image\/\"},\"sameAs\":[\"https:\/\/www.facebook.com\/Incofin\/\",\"https:\/\/www.youtube.com\/channel\/UCCealVeFikPrvQL1ASLS_Kg\"]}]}<\/script>\n<!-- \/ Yoast SEO plugin. -->","yoast_head_json":{"title":"Infos et conditions &#8226; Incofin Microfinance Fund","robots":{"index":"index","follow":"follow","max-snippet":"max-snippet:-1","max-image-preview":"max-image-preview:large","max-video-preview":"max-video-preview:-1"},"canonical":"https:\/\/incofincvso.be\/fr\/infos-et-conditions\/","og_locale":"fr_FR","og_type":"article","og_title":"Infos et conditions &#8226; Incofin Microfinance Fund","og_description":"1. Soci\u00e9t\u00e9 coop\u00e9rative Vous investissez dans une part sociale \u00e9mise par une soci\u00e9t\u00e9 coop\u00e9rative \u00e0 finalit\u00e9 sociale. Vous pouvez choisir de souscrire \u00e0 des parts enti\u00e8res d\u2019une valeur nominale de 2604 EUR ou \u00e0 des vingti\u00e8mes (1\/20) de parts sociales d&rsquo;une valeur nominale de 130,20 EUR, ou d&rsquo;une combinaison des deux. Ces parts ne sont pas n\u00e9gociables et ne peuvent [&hellip;]","og_url":"https:\/\/incofincvso.be\/fr\/infos-et-conditions\/","og_site_name":"Incofin Microfinance Fund","article_publisher":"https:\/\/www.facebook.com\/Incofin\/","article_modified_time":"2026-03-25T13:27:44+00:00","twitter_card":"summary_large_image","twitter_misc":{"Dur\u00e9e de lecture estim\u00e9e":"9 minutes"},"schema":{"@context":"https:\/\/schema.org","@graph":[{"@type":"WebPage","@id":"https:\/\/incofincvso.be\/fr\/infos-et-conditions\/","url":"https:\/\/incofincvso.be\/fr\/infos-et-conditions\/","name":"Infos et conditions &#8226; Incofin Microfinance Fund","isPartOf":{"@id":"https:\/\/incofincvso.be\/#website"},"datePublished":"2017-08-02T10:15:42+00:00","dateModified":"2026-03-25T13:27:44+00:00","breadcrumb":{"@id":"https:\/\/incofincvso.be\/fr\/infos-et-conditions\/#breadcrumb"},"inLanguage":"fr-FR","potentialAction":[{"@type":"ReadAction","target":["https:\/\/incofincvso.be\/fr\/infos-et-conditions\/"]}]},{"@type":"BreadcrumbList","@id":"https:\/\/incofincvso.be\/fr\/infos-et-conditions\/#breadcrumb","itemListElement":[{"@type":"ListItem","position":1,"name":"Home","item":"https:\/\/incofincvso.be\/fr\/"},{"@type":"ListItem","position":2,"name":"Infos et conditions"}]},{"@type":"WebSite","@id":"https:\/\/incofincvso.be\/#website","url":"https:\/\/incofincvso.be\/","name":"Incofin Microfinance Fund","description":"Vooruitgang maken we samen waar","publisher":{"@id":"https:\/\/incofincvso.be\/#organization"},"potentialAction":[{"@type":"SearchAction","target":{"@type":"EntryPoint","urlTemplate":"https:\/\/incofincvso.be\/?s={search_term_string}"},"query-input":{"@type":"PropertyValueSpecification","valueRequired":true,"valueName":"search_term_string"}}],"inLanguage":"fr-FR"},{"@type":"Organization","@id":"https:\/\/incofincvso.be\/#organization","name":"Incofin Microfinance Fund","url":"https:\/\/incofincvso.be\/","logo":{"@type":"ImageObject","inLanguage":"fr-FR","@id":"https:\/\/incofincvso.be\/#\/schema\/logo\/image\/","url":"https:\/\/incofincvso.be\/wp-content\/uploads\/2017\/09\/logo-l.png","contentUrl":"https:\/\/incofincvso.be\/wp-content\/uploads\/2017\/09\/logo-l.png","width":1138,"height":1017,"caption":"Incofin Microfinance Fund"},"image":{"@id":"https:\/\/incofincvso.be\/#\/schema\/logo\/image\/"},"sameAs":["https:\/\/www.facebook.com\/Incofin\/","https:\/\/www.youtube.com\/channel\/UCCealVeFikPrvQL1ASLS_Kg"]}]}},"_links":{"self":[{"href":"https:\/\/incofincvso.be\/fr\/wp-json\/wp\/v2\/pages\/1025","targetHints":{"allow":["GET"]}}],"collection":[{"href":"https:\/\/incofincvso.be\/fr\/wp-json\/wp\/v2\/pages"}],"about":[{"href":"https:\/\/incofincvso.be\/fr\/wp-json\/wp\/v2\/types\/page"}],"author":[{"embeddable":true,"href":"https:\/\/incofincvso.be\/fr\/wp-json\/wp\/v2\/users\/1"}],"replies":[{"embeddable":true,"href":"https:\/\/incofincvso.be\/fr\/wp-json\/wp\/v2\/comments?post=1025"}],"version-history":[{"count":11,"href":"https:\/\/incofincvso.be\/fr\/wp-json\/wp\/v2\/pages\/1025\/revisions"}],"predecessor-version":[{"id":14156,"href":"https:\/\/incofincvso.be\/fr\/wp-json\/wp\/v2\/pages\/1025\/revisions\/14156"}],"wp:attachment":[{"href":"https:\/\/incofincvso.be\/fr\/wp-json\/wp\/v2\/media?parent=1025"}],"curies":[{"name":"wp","href":"https:\/\/api.w.org\/{rel}","templated":true}]}}